{"id":2829,"date":"2024-06-07T08:24:50","date_gmt":"2024-06-07T08:24:50","guid":{"rendered":"https:\/\/zidex.modeltheme.com\/elementor\/?page_id=2829"},"modified":"2024-11-02T15:01:19","modified_gmt":"2024-11-02T12:01:19","slug":"hakkimizda","status":"publish","type":"page","link":"http:\/\/erginmuhendislik.com.tr\/?page_id=2829","title":{"rendered":"Hakk\u0131m\u0131zda"},"content":{"rendered":"\t\t<div data-elementor-type=\"wp-page\" data-elementor-id=\"2829\" class=\"elementor elementor-2829\">\n\t\t\t\t\t\t<section class=\"elementor-section elementor-top-section elementor-element elementor-element-27153dc elementor-section-full_width elementor-section-stretched elementor-section-height-default elementor-section-height-default\" data-id=\"27153dc\" data-element_type=\"section\" data-e-type=\"section\" data-settings=\"{&quot;stretch_section&quot;:&quot;section-stretched&quot;,&quot;background_background&quot;:&quot;classic&quot;}\">\n\t\t\t\t\t\t<div class=\"elementor-container elementor-column-gap-default\">\n\t\t\t\t\t<div class=\"elementor-column elementor-col-100 elementor-top-column elementor-element elementor-element-2c09536\" data-id=\"2c09536\" data-element_type=\"column\" data-e-type=\"column\">\n\t\t\t<div class=\"elementor-widget-wrap elementor-element-populated\">\n\t\t\t\t\t\t<div class=\"elementor-element elementor-element-7765cac elementor-widget elementor-widget-mtfe-title-subtitle\" data-id=\"7765cac\" data-element_type=\"widget\" data-e-type=\"widget\" data-widget_type=\"mtfe-title-subtitle.default\">\n\t\t\t\t<div class=\"elementor-widget-container\">\n\t\t\t\t\t\r\n    \t<div class=\"mt-addons-title-subtile\">\r\n      \t\t\r\n      \t\t\r\n      \t\t \r\n      \t\t<h2 class=\"mt-addons-title-section\">HAKKIMIZDA <span class=\"mt-underline-text curved\"><\/span> <\/h2>\r\n\r\n      \t\t        \t\t      \t\t\r\n      \t\t    \t<\/div>\r\n\t\t\t\t\t<\/div>\n\t\t\t\t<\/div>\n\t\t\t\t\t<\/div>\n\t\t<\/div>\n\t\t\t\t\t<\/div>\n\t\t<\/section>\n\t\t\t\t<section class=\"elementor-section elementor-top-section elementor-element elementor-element-4e58603 elementor-section-full_width elementor-section-stretched elementor-section-height-default elementor-section-height-default\" data-id=\"4e58603\" data-element_type=\"section\" data-e-type=\"section\" data-settings=\"{&quot;stretch_section&quot;:&quot;section-stretched&quot;,&quot;background_background&quot;:&quot;classic&quot;}\">\n\t\t\t\t\t\t<div class=\"elementor-container elementor-column-gap-default\">\n\t\t\t\t\t<div class=\"elementor-column elementor-col-100 elementor-top-column elementor-element elementor-element-c1eaee1\" data-id=\"c1eaee1\" data-element_type=\"column\" data-e-type=\"column\">\n\t\t\t<div class=\"elementor-widget-wrap elementor-element-populated\">\n\t\t\t\t<div class=\"elementor-element elementor-element-63aae07 e-flex e-con-boxed e-con e-parent\" data-id=\"63aae07\" data-element_type=\"container\" data-e-type=\"container\">\n\t\t\t\t\t<div class=\"e-con-inner\">\n\t\t<div class=\"elementor-element elementor-element-983dc27 e-flex e-con-boxed e-con e-child\" data-id=\"983dc27\" data-element_type=\"container\" data-e-type=\"container\">\n\t\t\t\t\t<div class=\"e-con-inner\">\n\t\t<div class=\"elementor-element elementor-element-395e658 e-flex e-con-boxed e-con e-child\" data-id=\"395e658\" data-element_type=\"container\" data-e-type=\"container\">\n\t\t\t\t\t<div class=\"e-con-inner\">\n\t\t\t\t<div class=\"elementor-element elementor-element-21dc0f0 elementor-widget elementor-widget-mtfe-title-subtitle\" data-id=\"21dc0f0\" data-element_type=\"widget\" data-e-type=\"widget\" data-widget_type=\"mtfe-title-subtitle.default\">\n\t\t\t\t<div class=\"elementor-widget-container\">\n\t\t\t\t\t\r\n    \t<div class=\"mt-addons-title-subtile\">\r\n      \t\t\r\n      \t\t\r\n      \t\t \r\n      \t\t<h3 class=\"mt-addons-title-section\">HAKKIMIZDA <span class=\"mt-underline-text curved\"><\/span> <\/h3>\r\n\r\n      \t\t        \t\t      \t\t\r\n      \t\t    \t<\/div>\r\n\t\t\t\t\t<\/div>\n\t\t\t\t<\/div>\n\t\t\t\t<div class=\"elementor-element elementor-element-ab9c568 elementor-widget elementor-widget-text-editor\" data-id=\"ab9c568\" data-element_type=\"widget\" data-e-type=\"widget\" data-widget_type=\"text-editor.default\">\n\t\t\t\t<div class=\"elementor-widget-container\">\n\t\t\t\t\t\t\t\t\t<p>\u00c7\u00f6z\u00fcm \u00dcretiyoruz<br \/>S\u00fcrekli i\u015fleyen yap\u0131lar ak\u0131lc\u0131 \u00e7\u00f6z\u00fcmlere ihtiya\u00e7 duyar. &#8220;\u00c7\u00f6z\u00fcm \u00fcretebilmek&#8221;, yap\u0131lmam\u0131\u015f olan\u0131 ger\u00e7ekle\u015ftirmek g\u00fcc\u00fcn\u00fczle m\u00fcmk\u00fcnd\u00fcr. Bu fikirle sekt\u00f6r\u00fcm\u00fczde zorlu projelere odaklan\u0131yor ve Ergin M\u00fchendislik olarak her t\u00fcrl\u00fc ihtiyaca y\u00f6nelik tasar\u0131mlar ger\u00e7ekle\u015ftiriyoruz.<\/p>\t\t\t\t\t\t\t\t<\/div>\n\t\t\t\t<\/div>\n\t\t\t\t<div class=\"elementor-element elementor-element-9f86f46 elementor-widget elementor-widget-image\" data-id=\"9f86f46\" data-element_type=\"widget\" data-e-type=\"widget\" data-widget_type=\"image.default\">\n\t\t\t\t<div class=\"elementor-widget-container\">\n\t\t\t\t\t\t\t\t\t\t\t\t\t\t\t<img fetchpriority=\"high\" decoding=\"async\" width=\"1920\" height=\"852\" src=\"http:\/\/erginmuhendislik.com.tr\/wp-content\/uploads\/2018\/11\/about_us_our_team.png\" class=\"attachment-full size-full wp-image-337\" alt=\"\" srcset=\"http:\/\/erginmuhendislik.com.tr\/wp-content\/uploads\/2018\/11\/about_us_our_team.png 1920w, http:\/\/erginmuhendislik.com.tr\/wp-content\/uploads\/2018\/11\/about_us_our_team-300x133.png 300w, http:\/\/erginmuhendislik.com.tr\/wp-content\/uploads\/2018\/11\/about_us_our_team-1024x454.png 1024w, http:\/\/erginmuhendislik.com.tr\/wp-content\/uploads\/2018\/11\/about_us_our_team-768x341.png 768w, http:\/\/erginmuhendislik.com.tr\/wp-content\/uploads\/2018\/11\/about_us_our_team-1536x682.png 1536w\" sizes=\"(max-width: 1920px) 100vw, 1920px\" \/>\t\t\t\t\t\t\t\t\t\t\t\t\t\t\t<\/div>\n\t\t\t\t<\/div>\n\t\t\t\t\t<\/div>\n\t\t\t\t<\/div>\n\t\t<div class=\"elementor-element elementor-element-29e1166 e-flex e-con-boxed e-con e-child\" data-id=\"29e1166\" data-element_type=\"container\" data-e-type=\"container\" data-settings=\"{&quot;position&quot;:&quot;absolute&quot;}\">\n\t\t\t\t\t<div class=\"e-con-inner\">\n\t\t\t\t<div class=\"elementor-element elementor-element-5f8aba7 elementor-widget__width-initial elementor-widget-divider--view-line elementor-widget elementor-widget-divider\" data-id=\"5f8aba7\" data-element_type=\"widget\" data-e-type=\"widget\" data-widget_type=\"divider.default\">\n\t\t\t\t<div class=\"elementor-widget-container\">\n\t\t\t\t\t\t\t<div class=\"elementor-divider\">\n\t\t\t<span class=\"elementor-divider-separator\">\n\t\t\t\t\t\t<\/span>\n\t\t<\/div>\n\t\t\t\t\t\t<\/div>\n\t\t\t\t<\/div>\n\t\t\t\t\t<\/div>\n\t\t\t\t<\/div>\n\t\t\t\t\t<\/div>\n\t\t\t\t<\/div>\n\t\t\t\t\t<\/div>\n\t\t\t\t<\/div>\n\t\t\t\t\t<\/div>\n\t\t<\/div>\n\t\t\t\t\t<\/div>\n\t\t<\/section>\n\t\t\t\t<section class=\"elementor-section elementor-top-section elementor-element elementor-element-15c35390 elementor-section-full_width elementor-section-stretched elementor-section-height-default elementor-section-height-default\" data-id=\"15c35390\" data-element_type=\"section\" data-e-type=\"section\" data-settings=\"{&quot;stretch_section&quot;:&quot;section-stretched&quot;,&quot;background_background&quot;:&quot;classic&quot;}\">\n\t\t\t\t\t\t<div class=\"elementor-container elementor-column-gap-default\">\n\t\t\t\t\t<div class=\"elementor-column elementor-col-100 elementor-top-column elementor-element elementor-element-39289308\" data-id=\"39289308\" data-element_type=\"column\" data-e-type=\"column\">\n\t\t\t<div class=\"elementor-widget-wrap elementor-element-populated\">\n\t\t\t\t<div class=\"elementor-element elementor-element-73f54d2 e-flex e-con-boxed e-con e-parent\" data-id=\"73f54d2\" data-element_type=\"container\" data-e-type=\"container\">\n\t\t\t\t\t<div class=\"e-con-inner\">\n\t\t<div class=\"elementor-element elementor-element-3c1d9a07 e-flex e-con-boxed e-con e-child\" data-id=\"3c1d9a07\" data-element_type=\"container\" data-e-type=\"container\">\n\t\t\t\t\t<div class=\"e-con-inner\">\n\t\t<div class=\"elementor-element elementor-element-5c32177a e-flex e-con-boxed e-con e-child\" data-id=\"5c32177a\" data-element_type=\"container\" data-e-type=\"container\" data-settings=\"{&quot;position&quot;:&quot;absolute&quot;}\">\n\t\t\t\t\t<div class=\"e-con-inner\">\n\t\t\t\t<div class=\"elementor-element elementor-element-57b48fdd elementor-widget__width-initial elementor-widget-divider--view-line elementor-widget elementor-widget-divider\" data-id=\"57b48fdd\" data-element_type=\"widget\" data-e-type=\"widget\" data-widget_type=\"divider.default\">\n\t\t\t\t<div class=\"elementor-widget-container\">\n\t\t\t\t\t\t\t<div class=\"elementor-divider\">\n\t\t\t<span class=\"elementor-divider-separator\">\n\t\t\t\t\t\t<\/span>\n\t\t<\/div>\n\t\t\t\t\t\t<\/div>\n\t\t\t\t<\/div>\n\t\t\t\t\t<\/div>\n\t\t\t\t<\/div>\n\t\t\t\t\t<\/div>\n\t\t\t\t<\/div>\n\t\t\t\t\t<\/div>\n\t\t\t\t<\/div>\n\t\t<div class=\"elementor-element elementor-element-6aed11d8 e-flex e-con-boxed e-con e-parent\" data-id=\"6aed11d8\" data-element_type=\"container\" data-e-type=\"container\">\n\t\t\t\t\t<div class=\"e-con-inner\">\n\t\t<div class=\"elementor-element elementor-element-619ce66f e-con-full e-flex e-con e-child\" data-id=\"619ce66f\" data-element_type=\"container\" data-e-type=\"container\">\n\t\t<div class=\"elementor-element elementor-element-6296698c e-grid e-con-boxed e-con e-child\" data-id=\"6296698c\" data-element_type=\"container\" data-e-type=\"container\">\n\t\t\t\t\t<div class=\"e-con-inner\">\n\t\t\t\t<div class=\"elementor-element elementor-element-5f6b1f83 mtadd_icongrid1 elementor-widget elementor-widget-mtfe-icon-box-grid-item\" data-id=\"5f6b1f83\" data-element_type=\"widget\" data-e-type=\"widget\" data-widget_type=\"mtfe-icon-box-grid-item.default\">\n\t\t\t\t<div class=\"elementor-widget-container\">\n\t\t\t\t\t\r\n      \t<div class=\"mt-addons-grid-item\">\r\n        \t<div class=\"mt-addons-grid-class-single\">\r\n            \t<div class=\"mt-addons-class-post-details relative\">\r\n          \t\t\t<div class=\"mt-addons-class-expandable-overlay no-hover\"><\/div>\r\n\t        \t\t<div class=\"mt-addons-class-metas\">\r\n\t        \t\t\t<div class=\"mt-addons-img-wrapper\">\r\n\t        \t\t\t\t\t        \t\t\t<\/div>\r\n\t\t        \t\t<div class=\"mt-addons-title-wrapper\">\r\n\t\t          \t\t\t<h2 class=\"mt-addons-grid-class-title \"><a href=\"https:\/\/zidex.modeltheme.com\/elementor\/team\/\">\u00dcCRETS\u0130Z KE\u015e\u0130F<\/a><\/h2>\r\n\t\t          \t\t<\/div>\r\n\t\t          \t\t<div class=\"mt-addons-subtitle-wrapper\">\r\n\t\t          \t\t\t<p class=\"mt-addons-grid-class-subtitle\">\u0130\u015eLETMEN\u0130Z\u0130N \u0130HT\u0130YA\u00c7LARINA G\u00d6RE \u00dcR\u00dcN VE EK\u0130PMANLARI \u0130\u015eLETMEN\u0130ZE EN UYGUN \u00dcR\u00dcNLER\u0130 BEL\u0130RL\u0130YORUZ!<\/p>\r\n\t\t          \t\t<\/div>\r\n\r\n\t\t      \t\t\t\t\t        \t<\/div>\r\n            \t<\/div>\r\n        \t<\/div>\r\n      \t<\/div>\r\n    \t\t\t\t<\/div>\n\t\t\t\t<\/div>\n\t\t\t\t<div class=\"elementor-element elementor-element-2c40a97c mtadd_icongrid1 elementor-widget elementor-widget-mtfe-icon-box-grid-item\" data-id=\"2c40a97c\" data-element_type=\"widget\" data-e-type=\"widget\" data-widget_type=\"mtfe-icon-box-grid-item.default\">\n\t\t\t\t<div class=\"elementor-widget-container\">\n\t\t\t\t\t\r\n      \t<div class=\"mt-addons-grid-item\">\r\n        \t<div class=\"mt-addons-grid-class-single\">\r\n            \t<div class=\"mt-addons-class-post-details relative\">\r\n          \t\t\t<div class=\"mt-addons-class-expandable-overlay no-hover\"><\/div>\r\n\t        \t\t<div class=\"mt-addons-class-metas\">\r\n\t        \t\t\t<div class=\"mt-addons-img-wrapper\">\r\n\t        \t\t\t\t\t        \t\t\t<\/div>\r\n\t\t        \t\t<div class=\"mt-addons-title-wrapper\">\r\n\t\t          \t\t\t<h2 class=\"mt-addons-grid-class-title \"><a href=\"https:\/\/zidex.modeltheme.com\/elementor\/projects\/bridge\/\">ULUSLARARASI G\u00d6NDER\u0130M<\/a><\/h2>\r\n\t\t          \t\t<\/div>\r\n\t\t          \t\t<div class=\"mt-addons-subtitle-wrapper\">\r\n\t\t          \t\t\t<p class=\"mt-addons-grid-class-subtitle\">D\u00dcNYANIN HER NOKTASINA \u00dcR\u00dcNLER\u0130M\u0130Z\u0130 ULA\u015eTIRIYORUZ!<\/p>\r\n\t\t          \t\t<\/div>\r\n\r\n\t\t      \t\t\t\t\t        \t<\/div>\r\n            \t<\/div>\r\n        \t<\/div>\r\n      \t<\/div>\r\n    \t\t\t\t<\/div>\n\t\t\t\t<\/div>\n\t\t\t\t<div class=\"elementor-element elementor-element-4ba93123 mtadd_icongrid1 elementor-widget elementor-widget-mtfe-icon-box-grid-item\" data-id=\"4ba93123\" data-element_type=\"widget\" data-e-type=\"widget\" data-widget_type=\"mtfe-icon-box-grid-item.default\">\n\t\t\t\t<div class=\"elementor-widget-container\">\n\t\t\t\t\t\r\n      \t<div class=\"mt-addons-grid-item\">\r\n        \t<div class=\"mt-addons-grid-class-single\">\r\n            \t<div class=\"mt-addons-class-post-details relative\">\r\n          \t\t\t<div class=\"mt-addons-class-expandable-overlay no-hover\"><\/div>\r\n\t        \t\t<div class=\"mt-addons-class-metas\">\r\n\t        \t\t\t<div class=\"mt-addons-img-wrapper\">\r\n\t        \t\t\t\t\t        \t\t\t<\/div>\r\n\t\t        \t\t<div class=\"mt-addons-title-wrapper\">\r\n\t\t          \t\t\t<h2 class=\"mt-addons-grid-class-title \"><a href=\"https:\/\/zidex.modeltheme.com\/elementor\/about-us\/\">YEDEK PAR\u00c7A GARANT\u0130S\u0130<\/a><\/h2>\r\n\t\t          \t\t<\/div>\r\n\t\t          \t\t<div class=\"mt-addons-subtitle-wrapper\">\r\n\t\t          \t\t\t<p class=\"mt-addons-grid-class-subtitle\">TERC\u0130H ETT\u0130\u011e\u0130N\u0130Z \u00dcR\u00dcNLER\u0130N T\u00dcM YEDEK PAR\u00c7ALARINI TEM\u0130N EDEB\u0130LECE\u011e\u0130N\u0130Z\u0130 GARANT\u0130 ED\u0130YORUZ!<\/p>\r\n\t\t          \t\t<\/div>\r\n\r\n\t\t      \t\t\t\t\t        \t<\/div>\r\n            \t<\/div>\r\n        \t<\/div>\r\n      \t<\/div>\r\n    \t\t\t\t<\/div>\n\t\t\t\t<\/div>\n\t\t\t\t<div class=\"elementor-element elementor-element-5acea45a mtadd_icongrid1 elementor-widget elementor-widget-mtfe-icon-box-grid-item\" data-id=\"5acea45a\" data-element_type=\"widget\" data-e-type=\"widget\" data-widget_type=\"mtfe-icon-box-grid-item.default\">\n\t\t\t\t<div class=\"elementor-widget-container\">\n\t\t\t\t\t\r\n      \t<div class=\"mt-addons-grid-item\">\r\n        \t<div class=\"mt-addons-grid-class-single\">\r\n            \t<div class=\"mt-addons-class-post-details relative\">\r\n          \t\t\t<div class=\"mt-addons-class-expandable-overlay no-hover\"><\/div>\r\n\t        \t\t<div class=\"mt-addons-class-metas\">\r\n\t        \t\t\t<div class=\"mt-addons-img-wrapper\">\r\n\t        \t\t\t\t\t        \t\t\t<\/div>\r\n\t\t        \t\t<div class=\"mt-addons-title-wrapper\">\r\n\t\t          \t\t\t<h2 class=\"mt-addons-grid-class-title \"><a href=\"https:\/\/zidex.modeltheme.com\/elementor\/contact-us\/\">G\u00dcVENL\u0130 G\u00d6NDER\u0130M<\/a><\/h2>\r\n\t\t          \t\t<\/div>\r\n\t\t          \t\t<div class=\"mt-addons-subtitle-wrapper\">\r\n\t\t          \t\t\t<p class=\"mt-addons-grid-class-subtitle\">G\u00dcVENL\u0130 LOJ\u0130ST\u0130K S\u0130STEM\u0130M\u0130Z \u0130LE T\u00dcM D\u00dcNYA&#039;YA \u00dcR\u00dcNLER\u0130M\u0130Z\u0130N TRANSFER\u0130N\u0130 GER\u00c7EKLE\u015eT\u0130R\u0130YORUZ!<\/p>\r\n\t\t          \t\t<\/div>\r\n\r\n\t\t      \t\t\t\t\t        \t<\/div>\r\n            \t<\/div>\r\n        \t<\/div>\r\n      \t<\/div>\r\n    \t\t\t\t<\/div>\n\t\t\t\t<\/div>\n\t\t\t\t\t<\/div>\n\t\t\t\t<\/div>\n\t\t\t\t<\/div>\n\t\t<div class=\"elementor-element elementor-element-752bc13b e-con-full e-flex e-con e-child\" data-id=\"752bc13b\" data-element_type=\"container\" data-e-type=\"container\" data-settings=\"{&quot;background_background&quot;:&quot;classic&quot;}\">\n\t\t\t\t<div class=\"elementor-element elementor-element-5a0b73e elementor-widget elementor-widget-mtfe-video\" data-id=\"5a0b73e\" data-element_type=\"widget\" data-e-type=\"widget\" data-widget_type=\"mtfe-video.default\">\n\t\t\t\t<div class=\"elementor-widget-container\">\n\t\t\t\t\t\r\n\t\t<div class=\"mt-addons-video-group\">\r\n\t\t    <div class=\"mt-addons-video text-center\">\r\n\t\t        <div class=\"mt-addons-video-link\" data-src=\"https:\/\/www.youtube.com\/embed\/?autoplay=0&#038;modestbranding=1&#038;showinfo=0&#038;rel=0&#038;cc_load_policy=1&#038;cc_lang_pref=en\" data-target=\"#mt-addons-modal-69fdf4c7ad668\">\r\n\t\t            <img decoding=\"async\" class=\"mt-addons-video-img\" src=\"https:\/\/zidex.modeltheme.com\/elementor\/wp-content\/uploads\/2018\/11\/play.png\" data-src=\"https:\/\/zidex.modeltheme.com\/elementor\/wp-content\/uploads\/2018\/11\/play.png\" alt=\"\">\r\n\t\t        <\/div>\r\n\t\t    <\/div>\r\n\t\t<\/div>\r\n\r\n\t\t<div id=\"mt-addons-modal-69fdf4c7ad668\" class=\"mt-addons-video-modal\">\r\n\t\t    <div class=\"mt-addonsvideo-modal-content\">\r\n\t\t        <span class=\"close\">&times;<\/span>\r\n\t\t        <iframe width=\"800\" height=\"400\" class=\"embed-responsive-item\" src=\"https:\/\/www.youtube.com\/embed\/?autoplay=0&#038;modestbranding=1&#038;showinfo=0&#038;rel=0&#038;cc_load_policy=1&#038;cc_lang_pref=en\" allowscriptaccess=\"always\"><\/iframe>\r\n\t\t    <\/div>\r\n\t\t<\/div>\r\n\t    \t\t\t\t<\/div>\n\t\t\t\t<\/div>\n\t\t\t\t<\/div>\n\t\t\t\t\t<\/div>\n\t\t\t\t<\/div>\n\t\t\t\t\t<\/div>\n\t\t<\/div>\n\t\t\t\t\t<\/div>\n\t\t<\/section>\n\t\t\t\t<\/div>\n\t\t","protected":false},"excerpt":{"rendered":"<p>HAKKIMIZDA HAKKIMIZDA \u00c7\u00f6z\u00fcm \u00dcretiyoruzS\u00fcrekli i\u015fleyen yap\u0131lar ak\u0131lc\u0131 \u00e7\u00f6z\u00fcmlere ihtiya\u00e7 duyar. &#8220;\u00c7\u00f6z\u00fcm \u00fcretebilmek&#8221;, yap\u0131lmam\u0131\u015f olan\u0131 ger\u00e7ekle\u015ftirmek g\u00fcc\u00fcn\u00fczle m\u00fcmk\u00fcnd\u00fcr. Bu fikirle sekt\u00f6r\u00fcm\u00fczde zorlu projelere odaklan\u0131yor ve Ergin M\u00fchendislik olarak her t\u00fcrl\u00fc ihtiyaca y\u00f6nelik tasar\u0131mlar ger\u00e7ekle\u015ftiriyoruz. \u00dcCRETS\u0130Z KE\u015e\u0130F \u0130\u015eLETMEN\u0130Z\u0130N \u0130HT\u0130YA\u00c7LARINA G\u00d6RE \u00dcR\u00dcN VE EK\u0130PMANLARI \u0130\u015eLETMEN\u0130ZE EN UYGUN \u00dcR\u00dcNLER\u0130 BEL\u0130RL\u0130YORUZ! ULUSLARARASI G\u00d6NDER\u0130M D\u00dcNYANIN HER NOKTASINA \u00dcR\u00dcNLER\u0130M\u0130Z\u0130 ULA\u015eTIRIYORUZ! YEDEK PAR\u00c7A [&hellip;]<\/p>\n","protected":false},"author":1,"featured_media":0,"parent":0,"menu_order":0,"comment_status":"closed","ping_status":"closed","template":"","meta":{"footnotes":""},"class_list":["post-2829","page","type-page","status-publish","hentry"],"_links":{"self":[{"href":"http:\/\/erginmuhendislik.com.tr\/index.php?rest_route=\/wp\/v2\/pages\/2829"}],"collection":[{"href":"http:\/\/erginmuhendislik.com.tr\/index.php?rest_route=\/wp\/v2\/pages"}],"about":[{"href":"http:\/\/erginmuhendislik.com.tr\/index.php?rest_route=\/wp\/v2\/types\/page"}],"author":[{"embeddable":true,"href":"http:\/\/erginmuhendislik.com.tr\/index.php?rest_route=\/wp\/v2\/users\/1"}],"replies":[{"embeddable":true,"href":"http:\/\/erginmuhendislik.com.tr\/index.php?rest_route=%2Fwp%2Fv2%2Fcomments&post=2829"}],"version-history":[{"count":19,"href":"http:\/\/erginmuhendislik.com.tr\/index.php?rest_route=\/wp\/v2\/pages\/2829\/revisions"}],"predecessor-version":[{"id":4211,"href":"http:\/\/erginmuhendislik.com.tr\/index.php?rest_route=\/wp\/v2\/pages\/2829\/revisions\/4211"}],"wp:attachment":[{"href":"http:\/\/erginmuhendislik.com.tr\/index.php?rest_route=%2Fwp%2Fv2%2Fmedia&parent=2829"}],"curies":[{"name":"wp","href":"https:\/\/api.w.org\/{rel}","templated":true}]}}