{"id":3888,"date":"2024-10-24T21:25:10","date_gmt":"2024-10-24T18:25:10","guid":{"rendered":"https:\/\/erginmuhendislik.com.tr\/?page_id=3888"},"modified":"2024-11-19T09:38:35","modified_gmt":"2024-11-19T06:38:35","slug":"deri-siyirma-makineleri","status":"publish","type":"page","link":"http:\/\/erginmuhendislik.com.tr\/?page_id=3888","title":{"rendered":"DER\u0130 SIYIRMA MAK\u0130NELER\u0130"},"content":{"rendered":"\t\t<div data-elementor-type=\"wp-page\" data-elementor-id=\"3888\" class=\"elementor elementor-3888\">\n\t\t\t\t<div class=\"elementor-element elementor-element-261605e3 e-grid e-con-boxed e-con e-parent\" data-id=\"261605e3\" data-element_type=\"container\" data-e-type=\"container\">\n\t\t\t\t\t<div class=\"e-con-inner\">\n\t\t<div class=\"elementor-element elementor-element-6ba640eb e-grid e-con-full e-con e-child\" data-id=\"6ba640eb\" data-element_type=\"container\" data-e-type=\"container\">\n\t\t<div class=\"elementor-element elementor-element-6f49165c e-con-full e-flex e-con e-child\" data-id=\"6f49165c\" data-element_type=\"container\" data-e-type=\"container\">\n\t\t\t\t<div class=\"elementor-element elementor-element-2ceba956 elementor-widget elementor-widget-heading\" data-id=\"2ceba956\" data-element_type=\"widget\" data-e-type=\"widget\" data-widget_type=\"heading.default\">\n\t\t\t\t<div class=\"elementor-widget-container\">\n\t\t\t\t\t<h2 class=\"elementor-heading-title elementor-size-default\">DER\u0130 SIYIRMA MAK\u0130NELER\u0130<\/h2>\t\t\t\t<\/div>\n\t\t\t\t<\/div>\n\t\t\t\t<div class=\"elementor-element elementor-element-11ddecb8 elementor-widget elementor-widget-text-editor\" data-id=\"11ddecb8\" data-element_type=\"widget\" data-e-type=\"widget\" data-widget_type=\"text-editor.default\">\n\t\t\t\t<div class=\"elementor-widget-container\">\n\t\t\t\t\t\t\t\t\t<p>\u21922.2 KW Motor <br \/>\u2192 D\u00f6k\u00fcm G\u00f6vde Red\u00fckt\u00f6r<br \/>\u2192 6 mm Kalibre Zincir <br \/>\u2192 \u00d6zel Tasar\u0131m Kumanda Ask\u0131s\u0131<br \/>\u2192 Elektrik Malzemesi Komple Siemens veya Schneider<br \/>Kullan\u0131lmaktad\u0131r<br \/>\u2192 Tamburun her \u0130ki Taraf\u0131nda Da UCF Yatakl\u0131d\u0131r Bu Sayede<br \/>Red\u00fckt\u00f6r Hi\u00e7 Zorlanmaz<br \/>\u2192 Pano Tasar\u0131m\u0131 Yerden Olabildi\u011fince Y\u00fcksek Tutulmu\u015ftur <br \/>Yerdeki Sudan Etkilenmez<br \/>\u2192 119 Kilogram<\/p>\t\t\t\t\t\t\t\t<\/div>\n\t\t\t\t<\/div>\n\t\t\t\t<div class=\"elementor-element elementor-element-17e36e84 elementor-widget elementor-widget-button\" data-id=\"17e36e84\" data-element_type=\"widget\" data-e-type=\"widget\" data-widget_type=\"button.default\">\n\t\t\t\t<div class=\"elementor-widget-container\">\n\t\t\t\t\t\t\t\t\t<div class=\"elementor-button-wrapper\">\n\t\t\t\t\t<a class=\"elementor-button elementor-button-link elementor-size-sm\" href=\"https:\/\/erginmuhendislik.com.tr\/?page_id=2835\">\n\t\t\t\t\t\t<span class=\"elementor-button-content-wrapper\">\n\t\t\t\t\t\t\t\t\t<span class=\"elementor-button-text\">TEKL\u0130F \u0130STE<\/span>\n\t\t\t\t\t<\/span>\n\t\t\t\t\t<\/a>\n\t\t\t\t<\/div>\n\t\t\t\t\t\t\t\t<\/div>\n\t\t\t\t<\/div>\n\t\t\t\t<\/div>\n\t\t\t\t<\/div>\n\t\t<div class=\"elementor-element elementor-element-1fcaf27d e-grid e-con-full e-con e-child\" data-id=\"1fcaf27d\" data-element_type=\"container\" data-e-type=\"container\">\n\t\t<div class=\"elementor-element elementor-element-1665212b e-con-full e-flex e-con e-child\" data-id=\"1665212b\" data-element_type=\"container\" data-e-type=\"container\">\n\t\t\t\t<div class=\"elementor-element elementor-element-26d1c61c elementor-widget elementor-widget-html\" data-id=\"26d1c61c\" data-element_type=\"widget\" data-e-type=\"widget\" data-widget_type=\"html.default\">\n\t\t\t\t<div class=\"elementor-widget-container\">\n\t\t\t\t\t<!-- \u0130kinci Card Ana \u00dcr\u00fcn G\u00f6rseli -->\r\n<div class=\"card\" style=\"margin: auto; min-height:100%;\">\r\n    <div class=\"card-body\">\r\n        \r\n        <div class=\"text-center pb-5\">\r\n            <img decoding=\"async\" style=\"min-height:600px !important;width:fit-content;\" src=\"http:\/\/erginmuhendislik.com.tr\/wp-content\/uploads\/2024\/10\/IMG-20210416-WA0007-1.jpg\" id=\"mainImage2\" class=\"main-image img-fluid\" alt=\"Main Product Image\" data-toggle=\"modal\" data-target=\"#imageModal2\">\r\n        <\/div>\r\n\r\n        <!-- \u0130kinci Card Alt G\u00f6rseller Slider -->\r\n        <div id=\"imageCarousel2\" class=\"carousel slide mt-3 pt-5\" data-bs-ride=\"carousel\">\r\n            <div class=\"carousel-inner\">\r\n                <div class=\"carousel-item active\">\r\n                    <div class=\"row d-flex\">\r\n                        <div class=\"col-3\">\r\n                            <img decoding=\"async\" src=\"http:\/\/erginmuhendislik.com.tr\/wp-content\/uploads\/2024\/10\/IMG-20210416-WA0007-1.jpg\" class=\"thumbnail-img\" alt=\"Product Thumbnail\" onclick=\"changeImage('mainImage2', 'modalImage2', this)\">\r\n                        <\/div>\r\n                        <div class=\"col-3\">\r\n                            <img decoding=\"async\" src=\"http:\/\/erginmuhendislik.com.tr\/wp-content\/uploads\/2024\/10\/IMG-20210416-WA0009.jpg\" class=\"thumbnail-img\" alt=\"Product Thumbnail\" onclick=\"changeImage('mainImage2', 'modalImage2', this)\">\r\n                        <\/div>\r\n                     \r\n                    <\/div>\r\n                <\/div>\r\n            <\/div>\r\n        <\/div>\r\n    <\/div>\r\n<\/div>\r\n    \r\n    <div class=\"modal fade\" id=\"imageModal2\" tabindex=\"-1\" aria-labelledby=\"imageModalLabel\" aria-hidden=\"true\">\r\n    <div class=\"modal-dialog modal-lg\">\r\n        <div class=\"modal-content\">\r\n            <div class=\"modal-body\">\r\n                <img decoding=\"async\" id=\"modalImage2\" src=\"http:\/\/erginmuhendislik.com.tr\/wp-content\/uploads\/2024\/10\/ON-GORUNTU.jpg\" class=\"img-fluid\" alt=\"Enlarged Image\">\r\n            <\/div>\r\n        <\/div>\r\n    <\/div>\r\n<\/div>\r\n<!-- Bootstrap 5 JS and Popper -->\r\n<script src=\"https:\/\/cdn.jsdelivr.net\/npm\/@popperjs\/core@2.9.2\/dist\/umd\/popper.min.js\"><\/script>\r\n<script src=\"https:\/\/cdn.jsdelivr.net\/npm\/bootstrap@5.1.0\/dist\/js\/bootstrap.min.js\"><\/script>\r\n\r\n<script>\r\n    function changeImage(mainImageId, modalImageId, element) {\r\n    document.getElementById(mainImageId).src = element.src;\r\n    document.getElementById(modalImageId).src = element.src;\r\n}\r\n\r\n       \/\/ Modal a\u00e7\u0131ld\u0131\u011f\u0131nda ana g\u00f6rseli modal i\u00e7inde g\u00f6ster\r\n       document.getElementById(\"mainImage2\").addEventListener(\"click\", function () {\r\n        var modalImage = document.getElementById(\"modalImage2\");\r\n        modalImage.src = this.src; \/\/ Modal g\u00f6rselini, ana g\u00f6rsele e\u015fitle\r\n      var modal = new bootstrap.Modal(document.getElementById('imageModal2'), {\r\n        backdrop: false  \/\/ Karartmay\u0131 kapat\r\n    });\r\n\r\n   });\r\n<\/script>\t\t\t\t<\/div>\n\t\t\t\t<\/div>\n\t\t\t\t<\/div>\n\t\t\t\t<\/div>\n\t\t\t\t\t<\/div>\n\t\t\t\t<\/div>\n\t\t\t\t<\/div>\n\t\t","protected":false},"excerpt":{"rendered":"<p>DER\u0130 SIYIRMA MAK\u0130NELER\u0130 \u21922.2 KW Motor \u2192 D\u00f6k\u00fcm G\u00f6vde Red\u00fckt\u00f6r\u2192 6 mm Kalibre Zincir \u2192 \u00d6zel Tasar\u0131m Kumanda Ask\u0131s\u0131\u2192 Elektrik Malzemesi Komple Siemens veya SchneiderKullan\u0131lmaktad\u0131r\u2192 Tamburun her \u0130ki Taraf\u0131nda Da UCF Yatakl\u0131d\u0131r Bu SayedeRed\u00fckt\u00f6r Hi\u00e7 Zorlanmaz\u2192 Pano Tasar\u0131m\u0131 Yerden Olabildi\u011fince Y\u00fcksek Tutulmu\u015ftur Yerdeki Sudan Etkilenmez\u2192 119 Kilogram TEKL\u0130F \u0130STE<\/p>\n","protected":false},"author":1,"featured_media":0,"parent":0,"menu_order":0,"comment_status":"closed","ping_status":"closed","template":"","meta":{"footnotes":""},"class_list":["post-3888","page","type-page","status-publish","hentry"],"_links":{"self":[{"href":"http:\/\/erginmuhendislik.com.tr\/index.php?rest_route=\/wp\/v2\/pages\/3888"}],"collection":[{"href":"http:\/\/erginmuhendislik.com.tr\/index.php?rest_route=\/wp\/v2\/pages"}],"about":[{"href":"http:\/\/erginmuhendislik.com.tr\/index.php?rest_route=\/wp\/v2\/types\/page"}],"author":[{"embeddable":true,"href":"http:\/\/erginmuhendislik.com.tr\/index.php?rest_route=\/wp\/v2\/users\/1"}],"replies":[{"embeddable":true,"href":"http:\/\/erginmuhendislik.com.tr\/index.php?rest_route=%2Fwp%2Fv2%2Fcomments&post=3888"}],"version-history":[{"count":16,"href":"http:\/\/erginmuhendislik.com.tr\/index.php?rest_route=\/wp\/v2\/pages\/3888\/revisions"}],"predecessor-version":[{"id":4258,"href":"http:\/\/erginmuhendislik.com.tr\/index.php?rest_route=\/wp\/v2\/pages\/3888\/revisions\/4258"}],"wp:attachment":[{"href":"http:\/\/erginmuhendislik.com.tr\/index.php?rest_route=%2Fwp%2Fv2%2Fmedia&parent=3888"}],"curies":[{"name":"wp","href":"https:\/\/api.w.org\/{rel}","templated":true}]}}