{"id":3890,"date":"2024-10-24T21:25:50","date_gmt":"2024-10-24T18:25:50","guid":{"rendered":"https:\/\/erginmuhendislik.com.tr\/?page_id=3890"},"modified":"2024-11-04T10:17:31","modified_gmt":"2024-11-04T07:17:31","slug":"kemik-dograma-makineleri","status":"publish","type":"page","link":"http:\/\/erginmuhendislik.com.tr\/?page_id=3890","title":{"rendered":"KEM\u0130K DO\u011eRAMA MAK\u0130NELER\u0130"},"content":{"rendered":"\t\t<div data-elementor-type=\"wp-page\" data-elementor-id=\"3890\" class=\"elementor elementor-3890\">\n\t\t\t\t<div class=\"elementor-element elementor-element-874ea91 e-grid e-con-boxed e-con e-parent\" data-id=\"874ea91\" data-element_type=\"container\" data-e-type=\"container\">\n\t\t\t\t\t<div class=\"e-con-inner\">\n\t\t<div class=\"elementor-element elementor-element-47e44afe e-grid e-con-full e-con e-child\" data-id=\"47e44afe\" data-element_type=\"container\" data-e-type=\"container\">\n\t\t<div class=\"elementor-element elementor-element-20550b45 e-con-full e-flex e-con e-child\" data-id=\"20550b45\" data-element_type=\"container\" data-e-type=\"container\">\n\t\t\t\t<div class=\"elementor-element elementor-element-44741ef5 elementor-widget elementor-widget-heading\" data-id=\"44741ef5\" data-element_type=\"widget\" data-e-type=\"widget\" data-widget_type=\"heading.default\">\n\t\t\t\t<div class=\"elementor-widget-container\">\n\t\t\t\t\t<h2 class=\"elementor-heading-title elementor-size-default\">PROFESY\u00d6NEL 4 \u015eER\u0130TL\u0130 KEM\u0130K DO\u011eRAMA MAK\u0130NES\u0130<\/h2>\t\t\t\t<\/div>\n\t\t\t\t<\/div>\n\t\t\t\t<div class=\"elementor-element elementor-element-2345d5e1 elementor-widget elementor-widget-text-editor\" data-id=\"2345d5e1\" data-element_type=\"widget\" data-e-type=\"widget\" data-widget_type=\"text-editor.default\">\n\t\t\t\t<div class=\"elementor-widget-container\">\n\t\t\t\t\t\t\t\t\t<p>PROFESY\u00d6NEL 4 \u015eER\u0130TL\u0130 KEM\u0130K DO\u011eRAMA MAK\u0130NES\u0130<\/p><p>*\u00a0 Saatte 7 Ton S\u0131cak Kurban Kemi\u011fini 8 CM B\u00fcy\u00fckl\u00fc\u011f\u00fcne Getirebilirsiniz.<\/p><p>*\u00a0 Motor g\u00fcc\u00fc; 3 KW\u00a0\u00a0\u00a0<\/p><p>*\u00a0 G\u00f6vde ST-52 Siyah Sac<\/p><p>* \u00a0Y\u00fckleme Haznesi AISI 304 Paslanmaz Tamamen G\u0131daya Uygundur.<\/p><p>*\u00a0 y\u00fckleme haznesinde kemik tutma kolu<\/p><p>*\u00a0 4 Adet \u015eerit Testere<\/p><p>*\u00a0 \u015eerit Aralar\u0131 8 cm<\/p><p>*\u00a0 Y\u00fckleme Haznesi Sayesinde 100% \u0130\u015f G\u00fcvenli\u011fi Sa\u011flamaktad\u0131r.<\/p><p>* 500 Kilogram<\/p><p>\u00a0<\/p><p>*\u00a0 \u00dcr\u00fcn\u00fcm\u00fcz i\u00e7in T\u00fcrk Patent ve Marka Kurumunda TR 2019\/07386\u00a0 dosya numaras\u0131 ile tescil edilmi\u015ftir.<\/p><p>*\u00a0 Makinelerimiz ISO 9001:2008 ve Avrupa Birli\u011finin teknik mevzuat\u0131na uyumlu CE belgesine sahiptir.<\/p><p>*\u00a0 Patentli \u00fcr\u00fcn\u00fcm\u00fcz\u00fcn taklit ve haklar\u0131m\u0131z\u0131n ihlal edilmesi durumunda sorumlular hakk\u0131nda 6769 say\u0131l\u0131<\/p><p>*\u00a0 S\u0131nai M\u00fclkiyet Kanununun 149, 150\u00a0 ve 151nci maddelerindeki cezai ve tazminat h\u00fck\u00fcmlerinin uygulanmas\u0131,<\/p><p>\u00a0\u00a0 i\u00e7in kanuni i\u015flem yap\u0131laca\u011f\u0131n\u0131 ihtar ve beyan ederiz.<\/p><p>*\u00a0 Her T\u00fcrl\u00fc Sorular\u0131n\u0131z ve\u00a0 Sipari\u015fleriniz \u0130\u00e7in Bize Ula\u015fabilirsiniz.<\/p><p><strong>Dikkat!!<\/strong><\/p><p>\u00dcr\u00fcn\u00fcm\u00fcz i\u00e7in T\u00fcrk Patent ve Marka Kurumunda TR 2018\/10159 Y dosya numaras\u0131 ile tescil edilmi\u015ftir.<\/p><p>Patentli \u00fcr\u00fcn\u00fcm\u00fcz\u00fcn taklit ve haklar\u0131m\u0131z\u0131n ihlal edilmesi durumunda sorumlular hakk\u0131nda 6769 say\u0131l\u0131 S\u0131nai M\u00fclkiyet Kanununun 149-150 Ve 151nci maddelerindeki cezai ve tazminat h\u00fck\u00fcmlerinin uygulanmas\u0131 i\u00e7in kanuni i\u015flem yap\u0131laca\u011f\u0131n\u0131 ihtar ve beyan ederiz.<\/p><p>\u00a0<\/p><p>\u00a0<\/p><p>\u00a0<\/p>\t\t\t\t\t\t\t\t<\/div>\n\t\t\t\t<\/div>\n\t\t\t\t<div class=\"elementor-element elementor-element-7f35afcc elementor-widget elementor-widget-button\" data-id=\"7f35afcc\" data-element_type=\"widget\" data-e-type=\"widget\" data-widget_type=\"button.default\">\n\t\t\t\t<div class=\"elementor-widget-container\">\n\t\t\t\t\t\t\t\t\t<div class=\"elementor-button-wrapper\">\n\t\t\t\t\t<a class=\"elementor-button elementor-button-link elementor-size-sm\" href=\"https:\/\/erginmuhendislik.com.tr\/?page_id=2835\">\n\t\t\t\t\t\t<span class=\"elementor-button-content-wrapper\">\n\t\t\t\t\t\t\t\t\t<span class=\"elementor-button-text\">TEKL\u0130F \u0130STE<\/span>\n\t\t\t\t\t<\/span>\n\t\t\t\t\t<\/a>\n\t\t\t\t<\/div>\n\t\t\t\t\t\t\t\t<\/div>\n\t\t\t\t<\/div>\n\t\t\t\t<\/div>\n\t\t\t\t<\/div>\n\t\t<div class=\"elementor-element elementor-element-5df5971f e-grid e-con-full e-con e-child\" data-id=\"5df5971f\" data-element_type=\"container\" data-e-type=\"container\">\n\t\t<div class=\"elementor-element elementor-element-2b32396a e-con-full e-flex e-con e-child\" data-id=\"2b32396a\" data-element_type=\"container\" data-e-type=\"container\">\n\t\t\t\t<div class=\"elementor-element elementor-element-5cf34437 elementor-widget elementor-widget-html\" data-id=\"5cf34437\" data-element_type=\"widget\" data-e-type=\"widget\" data-widget_type=\"html.default\">\n\t\t\t\t<div class=\"elementor-widget-container\">\n\t\t\t\t\t<!-- \u0130kinci Card Ana \u00dcr\u00fcn G\u00f6rseli -->\r\n<div class=\"card\" style=\"margin: auto; min-height:100%;\">\r\n    <div class=\"card-body\">\r\n        <div class=\"text-center pb-5\">\r\n            <img decoding=\"async\" style=\"min-height:800px !important;width:fit-content;\" src=\"http:\/\/erginmuhendislik.com.tr\/wp-content\/uploads\/2024\/10\/IMG-20200702-WA0033-2.jpg\" id=\"mainImage2\" class=\"main-image img-fluid\" alt=\"Main Product Image\" data-toggle=\"modal\" data-target=\"#imageModal2\">\r\n        <\/div>\r\n\r\n        <!-- \u0130kinci Card Alt G\u00f6rseller Slider -->\r\n        <div id=\"imageCarousel2\" class=\"carousel slide mt-3 pt-5\" data-bs-ride=\"carousel\">\r\n            <div class=\"carousel-inner\">\r\n                <div class=\"carousel-item active\">\r\n                    <div class=\"row d-flex\">\r\n                        <div class=\"col-3\">\r\n                            <img decoding=\"async\" src=\"http:\/\/erginmuhendislik.com.tr\/wp-content\/uploads\/2024\/10\/IMG-20200702-WA0033-2.jpg\" class=\"thumbnail-img\" alt=\"Product Thumbnail\" onclick=\"changeImage('mainImage2', 'modalImage2', this)\">\r\n                        <\/div>\r\n                        <div class=\"col-3\">\r\n                            <img decoding=\"async\" src=\"http:\/\/erginmuhendislik.com.tr\/wp-content\/uploads\/2024\/10\/IMG-20200702-WA0041.jpg\" class=\"thumbnail-img\" alt=\"Product Thumbnail\" onclick=\"changeImage('mainImage2', 'modalImage2', this)\">\r\n                        <\/div>\r\n                        <div class=\"col-3\">\r\n                            <img decoding=\"async\" src=\"http:\/\/erginmuhendislik.com.tr\/wp-content\/uploads\/2024\/10\/IMG-20200702-WA0034.jpg\" class=\"thumbnail-img\" alt=\"Product Thumbnail\" onclick=\"changeImage('mainImage2', 'modalImage2', this)\">\r\n                        <\/div>\r\n                      \r\n                    <\/div>\r\n                <\/div>\r\n            <\/div>\r\n        <\/div>\r\n    <\/div>\r\n<\/div>\r\n    \r\n    <div class=\"modal fade\" id=\"imageModal2\" tabindex=\"-1\" aria-labelledby=\"imageModalLabel\" aria-hidden=\"true\">\r\n    <div class=\"modal-dialog modal-lg\">\r\n        <div class=\"modal-content\">\r\n            <div class=\"modal-body\">\r\n                <img decoding=\"async\" id=\"modalImage2\" src=\"http:\/\/erginmuhendislik.com.tr\/wp-content\/uploads\/2024\/10\/ON-GORUNTU.jpg\" class=\"img-fluid\" alt=\"Enlarged Image\">\r\n            <\/div>\r\n        <\/div>\r\n    <\/div>\r\n<\/div>\r\n<!-- Bootstrap 5 JS and Popper -->\r\n<script src=\"https:\/\/cdn.jsdelivr.net\/npm\/@popperjs\/core@2.9.2\/dist\/umd\/popper.min.js\"><\/script>\r\n<script src=\"https:\/\/cdn.jsdelivr.net\/npm\/bootstrap@5.1.0\/dist\/js\/bootstrap.min.js\"><\/script>\r\n\r\n<script>\r\n    function changeImage(mainImageId, modalImageId, element) {\r\n    document.getElementById(mainImageId).src = element.src;\r\n    document.getElementById(modalImageId).src = element.src;\r\n}\r\n\r\n       \/\/ Modal a\u00e7\u0131ld\u0131\u011f\u0131nda ana g\u00f6rseli modal i\u00e7inde g\u00f6ster\r\n       document.getElementById(\"mainImage2\").addEventListener(\"click\", function () {\r\n        var modalImage = document.getElementById(\"modalImage2\");\r\n        modalImage.src = this.src; \/\/ Modal g\u00f6rselini, ana g\u00f6rsele e\u015fitle\r\n      var modal = new bootstrap.Modal(document.getElementById('imageModal2'), {\r\n        backdrop: false  \/\/ Karartmay\u0131 kapat\r\n    });\r\n\r\n   });\r\n<\/script>\t\t\t\t<\/div>\n\t\t\t\t<\/div>\n\t\t\t\t<\/div>\n\t\t\t\t<\/div>\n\t\t\t\t\t<\/div>\n\t\t\t\t<\/div>\n\t\t\t\t<\/div>\n\t\t","protected":false},"excerpt":{"rendered":"<p>PROFESY\u00d6NEL 4 \u015eER\u0130TL\u0130 KEM\u0130K DO\u011eRAMA MAK\u0130NES\u0130 PROFESY\u00d6NEL 4 \u015eER\u0130TL\u0130 KEM\u0130K DO\u011eRAMA MAK\u0130NES\u0130 *\u00a0 Saatte 7 Ton S\u0131cak Kurban Kemi\u011fini 8 CM B\u00fcy\u00fckl\u00fc\u011f\u00fcne Getirebilirsiniz. *\u00a0 Motor g\u00fcc\u00fc; 3 KW\u00a0\u00a0\u00a0 *\u00a0 G\u00f6vde ST-52 Siyah Sac * \u00a0Y\u00fckleme Haznesi AISI 304 Paslanmaz Tamamen G\u0131daya Uygundur. *\u00a0 y\u00fckleme haznesinde kemik tutma kolu *\u00a0 4 Adet \u015eerit Testere *\u00a0 \u015eerit [&hellip;]<\/p>\n","protected":false},"author":1,"featured_media":0,"parent":0,"menu_order":0,"comment_status":"closed","ping_status":"closed","template":"","meta":{"footnotes":""},"class_list":["post-3890","page","type-page","status-publish","hentry"],"_links":{"self":[{"href":"http:\/\/erginmuhendislik.com.tr\/index.php?rest_route=\/wp\/v2\/pages\/3890"}],"collection":[{"href":"http:\/\/erginmuhendislik.com.tr\/index.php?rest_route=\/wp\/v2\/pages"}],"about":[{"href":"http:\/\/erginmuhendislik.com.tr\/index.php?rest_route=\/wp\/v2\/types\/page"}],"author":[{"embeddable":true,"href":"http:\/\/erginmuhendislik.com.tr\/index.php?rest_route=\/wp\/v2\/users\/1"}],"replies":[{"embeddable":true,"href":"http:\/\/erginmuhendislik.com.tr\/index.php?rest_route=%2Fwp%2Fv2%2Fcomments&post=3890"}],"version-history":[{"count":10,"href":"http:\/\/erginmuhendislik.com.tr\/index.php?rest_route=\/wp\/v2\/pages\/3890\/revisions"}],"predecessor-version":[{"id":4243,"href":"http:\/\/erginmuhendislik.com.tr\/index.php?rest_route=\/wp\/v2\/pages\/3890\/revisions\/4243"}],"wp:attachment":[{"href":"http:\/\/erginmuhendislik.com.tr\/index.php?rest_route=%2Fwp%2Fv2%2Fmedia&parent=3890"}],"curies":[{"name":"wp","href":"https:\/\/api.w.org\/{rel}","templated":true}]}}