{"id":3894,"date":"2024-10-24T21:27:31","date_gmt":"2024-10-24T18:27:31","guid":{"rendered":"https:\/\/erginmuhendislik.com.tr\/?page_id=3894"},"modified":"2024-12-05T11:32:49","modified_gmt":"2024-12-05T08:32:49","slug":"testereler","status":"publish","type":"page","link":"http:\/\/erginmuhendislik.com.tr\/?page_id=3894","title":{"rendered":"TESTERELER"},"content":{"rendered":"\t\t<div data-elementor-type=\"wp-page\" data-elementor-id=\"3894\" class=\"elementor elementor-3894\">\n\t\t\t\t<div class=\"elementor-element elementor-element-31c38e92 e-grid e-con-boxed e-con e-parent\" data-id=\"31c38e92\" data-element_type=\"container\" data-e-type=\"container\">\n\t\t\t\t\t<div class=\"e-con-inner\">\n\t\t<div class=\"elementor-element elementor-element-6eaac97f e-grid e-con-full e-con e-child\" data-id=\"6eaac97f\" data-element_type=\"container\" data-e-type=\"container\">\n\t\t<div class=\"elementor-element elementor-element-6bf1b374 e-con-full e-flex e-con e-child\" data-id=\"6bf1b374\" data-element_type=\"container\" data-e-type=\"container\">\n\t\t\t\t<div class=\"elementor-element elementor-element-260aef01 elementor-widget elementor-widget-heading\" data-id=\"260aef01\" data-element_type=\"widget\" data-e-type=\"widget\" data-widget_type=\"heading.default\">\n\t\t\t\t<div class=\"elementor-widget-container\">\n\t\t\t\t\t<h2 class=\"elementor-heading-title elementor-size-default\">T-BONE DONUK ET KEM\u0130K TESTERES\u0130<\/h2>\t\t\t\t<\/div>\n\t\t\t\t<\/div>\n\t\t\t\t<div class=\"elementor-element elementor-element-5e3f38e6 elementor-widget elementor-widget-text-editor\" data-id=\"5e3f38e6\" data-element_type=\"widget\" data-e-type=\"widget\" data-widget_type=\"text-editor.default\">\n\t\t\t\t<div class=\"elementor-widget-container\">\n\t\t\t\t\t\t\t\t\t<p>\u00a0<\/p><p>* \u00d6zel aerodinamik tasar\u0131m ve renk uyumu ile \u015f\u0131k bir g\u00f6r\u00fcnt\u00fc kaliteyi bilenler i\u00e7in<\/p><p>* 1,1 KWA MOTOR<\/p><p>*380W &amp; 220W motor se\u00e7ene\u011fi<\/p><p>*Y\u00fcksekli\u011fi ayarlanabilir koruma ray\u0131 ve testere b\u0131\u00e7a\u011f\u0131 k\u0131lavuzu ile ba\u011flant\u0131l\u0131 olarak tasarlanm\u0131\u015ft\u0131r<\/p><p>*optimize edilmi\u015f malzeme itici.<\/p><p>*Farkl\u0131 uygulamalar i\u00e7in farkl\u0131 testere ve b\u0131\u00e7ak bantlar\u0131 mevcuttur.<\/p><p>*Testere b\u0131\u00e7a\u011f\u0131 de\u011fi\u015fimi \u00e7ok k\u0131sa s\u00fcrede zahmetsizce ve yaralanmadan yap\u0131labilir.<\/p><p>*\u00c7al\u0131\u015fma tezg\u00e2h\u0131 ebatlar\u0131 (600 x 470 mm)<\/p><p>*iste\u011fe ba\u011fl\u0131 Ayakl\u0131, metal sehpa opsiyonu mevcuttur<\/p><p>*\u00d6zel testere yapraklar\u0131 ve b\u0131\u00e7ak bantlar\u0131 tak\u0131labilir<\/p><p>*Ayarlanabilir kesim geni\u015fli\u011fi.<\/p><p>*Ayarlanabilir kesim y\u00fcksekli\u011fi.<\/p><p>*Kesim i\u00e7in rahat kullan\u0131\u015fl\u0131 \u00f6zel itme kolu.<\/p><p>*Testere b\u0131\u00e7a\u011f\u0131 i\u00e7in 5 AYRI NOKTADAN \u00f6zel \u00e7elik s\u0131y\u0131r\u0131c\u0131lar.<\/p><p>*Kapak ve g\u00f6vde kilitsiz MANYET\u0130K \u00f6zel ba\u011flant\u0131.<\/p><p>*Kapak a\u00e7\u0131ld\u0131\u011f\u0131nda elektirikli sivi\u00e7 sayesinde emniyetli otomatik duru\u015f.<\/p><p>*Kullan\u0131c\u0131 emniyeti i\u00e7in testere b\u0131\u00e7a\u011f\u0131 k\u0131lavuzuna entegre koruma sac\u0131.<\/p><p>*Makine star ve stop d\u00fc\u011fmeleri kullan\u0131c\u0131ya odakl\u0131 \u00f6zel y\u00f6nl\u00fc.<\/p><p>* 48 Kilogram<\/p>\t\t\t\t\t\t\t\t<\/div>\n\t\t\t\t<\/div>\n\t\t\t\t<div class=\"elementor-element elementor-element-2dcc4753 elementor-widget elementor-widget-button\" data-id=\"2dcc4753\" data-element_type=\"widget\" data-e-type=\"widget\" data-widget_type=\"button.default\">\n\t\t\t\t<div class=\"elementor-widget-container\">\n\t\t\t\t\t\t\t\t\t<div class=\"elementor-button-wrapper\">\n\t\t\t\t\t<a class=\"elementor-button elementor-button-link elementor-size-sm\" href=\"https:\/\/erginmuhendislik.com.tr\/?page_id=2835\">\n\t\t\t\t\t\t<span class=\"elementor-button-content-wrapper\">\n\t\t\t\t\t\t\t\t\t<span class=\"elementor-button-text\">TEKL\u0130F \u0130STE<\/span>\n\t\t\t\t\t<\/span>\n\t\t\t\t\t<\/a>\n\t\t\t\t<\/div>\n\t\t\t\t\t\t\t\t<\/div>\n\t\t\t\t<\/div>\n\t\t\t\t<\/div>\n\t\t\t\t<\/div>\n\t\t<div class=\"elementor-element elementor-element-ad08743 e-grid e-con-full e-con e-child\" data-id=\"ad08743\" data-element_type=\"container\" data-e-type=\"container\">\n\t\t<div class=\"elementor-element elementor-element-42f167cf e-con-full e-flex e-con e-child\" data-id=\"42f167cf\" data-element_type=\"container\" data-e-type=\"container\">\n\t\t\t\t<div class=\"elementor-element elementor-element-68b94b0c elementor-widget elementor-widget-html\" data-id=\"68b94b0c\" data-element_type=\"widget\" data-e-type=\"widget\" data-widget_type=\"html.default\">\n\t\t\t\t<div class=\"elementor-widget-container\">\n\t\t\t\t\t<!-- \u0130kinci Card Ana \u00dcr\u00fcn G\u00f6rseli -->\r\n<div class=\"card\" style=\"margin: auto; min-height:100%;\">\r\n    <div class=\"card-body\">\r\n        <div class=\"text-center pb-5\">\r\n            <img decoding=\"async\" style=\"min-height:800px !important;width:fit-content;\" src=\"http:\/\/erginmuhendislik.com.tr\/wp-content\/uploads\/2024\/10\/Screenshot_20210403-200503_WhatsApp.jpg\" id=\"mainImage2\" class=\"main-image img-fluid\" alt=\"Main Product Image\" data-toggle=\"modal\" data-target=\"#imageModal2\">\r\n        <\/div>\r\n\r\n        <!-- \u0130kinci Card Alt G\u00f6rseller Slider -->\r\n        <div id=\"imageCarousel2\" class=\"carousel slide mt-3 pt-5\" data-bs-ride=\"carousel\">\r\n            <div class=\"carousel-inner\">\r\n                <div class=\"carousel-item active\">\r\n                    <div class=\"row d-flex\">\r\n                        <div class=\"col-3\">\r\n                            <img decoding=\"async\" src=\"http:\/\/erginmuhendislik.com.tr\/wp-content\/uploads\/2024\/10\/Screenshot_20210403-200503_WhatsApp.jpg\" class=\"thumbnail-img\" alt=\"Product Thumbnail\" onclick=\"changeImage('mainImage2', 'modalImage2', this)\">\r\n                        <\/div>\r\n                        <div class=\"col-3\">\r\n                            <img decoding=\"async\" src=\"http:\/\/erginmuhendislik.com.tr\/wp-content\/uploads\/2024\/10\/Screenshot_20210403-200452_WhatsApp.jpg\" class=\"thumbnail-img\" alt=\"Product Thumbnail\" onclick=\"changeImage('mainImage2', 'modalImage2', this)\">\r\n                        <\/div>\r\n                        <div class=\"col-3\">\r\n                            <img decoding=\"async\" src=\"http:\/\/erginmuhendislik.com.tr\/wp-content\/uploads\/2024\/10\/Screenshot_20210403-200457_WhatsApp.jpg\" class=\"thumbnail-img\" alt=\"Product Thumbnail\" onclick=\"changeImage('mainImage2', 'modalImage2', this)\">\r\n                        <\/div>\r\n                    \r\n                    <\/div>\r\n                <\/div>\r\n            <\/div>\r\n        <\/div>\r\n    <\/div>\r\n<\/div>\r\n    \r\n    <div class=\"modal fade\" id=\"imageModal2\" tabindex=\"-1\" aria-labelledby=\"imageModalLabel\" aria-hidden=\"true\">\r\n    <div class=\"modal-dialog modal-lg\">\r\n        <div class=\"modal-content\">\r\n            <div class=\"modal-body\">\r\n                <img decoding=\"async\" id=\"modalImage2\" src=\"http:\/\/erginmuhendislik.com.tr\/wp-content\/uploads\/2024\/10\/ON-GORUNTU.jpg\" class=\"img-fluid\" alt=\"Enlarged Image\">\r\n            <\/div>\r\n        <\/div>\r\n    <\/div>\r\n<\/div>\r\n<!-- Bootstrap 5 JS and Popper -->\r\n<script src=\"https:\/\/cdn.jsdelivr.net\/npm\/@popperjs\/core@2.9.2\/dist\/umd\/popper.min.js\"><\/script>\r\n<script src=\"https:\/\/cdn.jsdelivr.net\/npm\/bootstrap@5.1.0\/dist\/js\/bootstrap.min.js\"><\/script>\r\n\r\n<script>\r\n    function changeImage(mainImageId, modalImageId, element) {\r\n    document.getElementById(mainImageId).src = element.src;\r\n    document.getElementById(modalImageId).src = element.src;\r\n}\r\n\r\n       \/\/ Modal a\u00e7\u0131ld\u0131\u011f\u0131nda ana g\u00f6rseli modal i\u00e7inde g\u00f6ster\r\n       document.getElementById(\"mainImage2\").addEventListener(\"click\", function () {\r\n        var modalImage = document.getElementById(\"modalImage2\");\r\n        modalImage.src = this.src; \/\/ Modal g\u00f6rselini, ana g\u00f6rsele e\u015fitle\r\n      var modal = new bootstrap.Modal(document.getElementById('imageModal2'), {\r\n        backdrop: false  \/\/ Karartmay\u0131 kapat\r\n    });\r\n\r\n   });\r\n<\/script>\t\t\t\t<\/div>\n\t\t\t\t<\/div>\n\t\t\t\t<\/div>\n\t\t\t\t<\/div>\n\t\t\t\t\t<\/div>\n\t\t\t\t<\/div>\n\t\t\t\t<\/div>\n\t\t","protected":false},"excerpt":{"rendered":"<p>T-BONE DONUK ET KEM\u0130K TESTERES\u0130 \u00a0 * \u00d6zel aerodinamik tasar\u0131m ve renk uyumu ile \u015f\u0131k bir g\u00f6r\u00fcnt\u00fc kaliteyi bilenler i\u00e7in * 1,1 KWA MOTOR *380W &amp; 220W motor se\u00e7ene\u011fi *Y\u00fcksekli\u011fi ayarlanabilir koruma ray\u0131 ve testere b\u0131\u00e7a\u011f\u0131 k\u0131lavuzu ile ba\u011flant\u0131l\u0131 olarak tasarlanm\u0131\u015ft\u0131r *optimize edilmi\u015f malzeme itici. *Farkl\u0131 uygulamalar i\u00e7in farkl\u0131 testere ve b\u0131\u00e7ak bantlar\u0131 mevcuttur. *Testere [&hellip;]<\/p>\n","protected":false},"author":1,"featured_media":0,"parent":0,"menu_order":0,"comment_status":"closed","ping_status":"closed","template":"","meta":{"footnotes":""},"class_list":["post-3894","page","type-page","status-publish","hentry"],"_links":{"self":[{"href":"http:\/\/erginmuhendislik.com.tr\/index.php?rest_route=\/wp\/v2\/pages\/3894"}],"collection":[{"href":"http:\/\/erginmuhendislik.com.tr\/index.php?rest_route=\/wp\/v2\/pages"}],"about":[{"href":"http:\/\/erginmuhendislik.com.tr\/index.php?rest_route=\/wp\/v2\/types\/page"}],"author":[{"embeddable":true,"href":"http:\/\/erginmuhendislik.com.tr\/index.php?rest_route=\/wp\/v2\/users\/1"}],"replies":[{"embeddable":true,"href":"http:\/\/erginmuhendislik.com.tr\/index.php?rest_route=%2Fwp%2Fv2%2Fcomments&post=3894"}],"version-history":[{"count":13,"href":"http:\/\/erginmuhendislik.com.tr\/index.php?rest_route=\/wp\/v2\/pages\/3894\/revisions"}],"predecessor-version":[{"id":4306,"href":"http:\/\/erginmuhendislik.com.tr\/index.php?rest_route=\/wp\/v2\/pages\/3894\/revisions\/4306"}],"wp:attachment":[{"href":"http:\/\/erginmuhendislik.com.tr\/index.php?rest_route=%2Fwp%2Fv2%2Fmedia&parent=3894"}],"curies":[{"name":"wp","href":"https:\/\/api.w.org\/{rel}","templated":true}]}}