{"id":3900,"date":"2024-10-24T21:29:30","date_gmt":"2024-10-24T18:29:30","guid":{"rendered":"https:\/\/erginmuhendislik.com.tr\/?page_id=3900"},"modified":"2024-11-04T10:16:48","modified_gmt":"2024-11-04T07:16:48","slug":"kancalar","status":"publish","type":"page","link":"http:\/\/erginmuhendislik.com.tr\/?page_id=3900","title":{"rendered":"KANCALAR"},"content":{"rendered":"\t\t<div data-elementor-type=\"wp-page\" data-elementor-id=\"3900\" class=\"elementor elementor-3900\">\n\t\t\t\t<div class=\"elementor-element elementor-element-58b487a3 e-grid e-con-boxed e-con e-parent\" data-id=\"58b487a3\" data-element_type=\"container\" data-e-type=\"container\">\n\t\t\t\t\t<div class=\"e-con-inner\">\n\t\t<div class=\"elementor-element elementor-element-3a252e35 e-grid e-con-full e-con e-child\" data-id=\"3a252e35\" data-element_type=\"container\" data-e-type=\"container\">\n\t\t<div class=\"elementor-element elementor-element-6b6f7cde e-con-full e-flex e-con e-child\" data-id=\"6b6f7cde\" data-element_type=\"container\" data-e-type=\"container\">\n\t\t\t\t<div class=\"elementor-element elementor-element-5b3b172e elementor-widget elementor-widget-heading\" data-id=\"5b3b172e\" data-element_type=\"widget\" data-e-type=\"widget\" data-widget_type=\"heading.default\">\n\t\t\t\t<div class=\"elementor-widget-container\">\n\t\t\t\t\t<h2 class=\"elementor-heading-title elementor-size-default\">BORU T\u0130P KANCA<\/h2>\t\t\t\t<\/div>\n\t\t\t\t<\/div>\n\t\t\t\t<div class=\"elementor-element elementor-element-3b9b51dc elementor-widget elementor-widget-button\" data-id=\"3b9b51dc\" data-element_type=\"widget\" data-e-type=\"widget\" data-widget_type=\"button.default\">\n\t\t\t\t<div class=\"elementor-widget-container\">\n\t\t\t\t\t\t\t\t\t<div class=\"elementor-button-wrapper\">\n\t\t\t\t\t<a class=\"elementor-button elementor-button-link elementor-size-sm\" href=\"https:\/\/erginmuhendislik.com.tr\/?page_id=2835\">\n\t\t\t\t\t\t<span class=\"elementor-button-content-wrapper\">\n\t\t\t\t\t\t\t\t\t<span class=\"elementor-button-text\">TEKL\u0130F \u0130STE<\/span>\n\t\t\t\t\t<\/span>\n\t\t\t\t\t<\/a>\n\t\t\t\t<\/div>\n\t\t\t\t\t\t\t\t<\/div>\n\t\t\t\t<\/div>\n\t\t\t\t<\/div>\n\t\t\t\t<\/div>\n\t\t<div class=\"elementor-element elementor-element-591e0bbb e-grid e-con-full e-con e-child\" data-id=\"591e0bbb\" data-element_type=\"container\" data-e-type=\"container\">\n\t\t<div class=\"elementor-element elementor-element-55d8fa7 e-con-full e-flex e-con e-child\" data-id=\"55d8fa7\" data-element_type=\"container\" data-e-type=\"container\">\n\t\t\t\t<div class=\"elementor-element elementor-element-6ba329e7 elementor-widget elementor-widget-html\" data-id=\"6ba329e7\" data-element_type=\"widget\" data-e-type=\"widget\" data-widget_type=\"html.default\">\n\t\t\t\t<div class=\"elementor-widget-container\">\n\t\t\t\t\t<!-- \u0130kinci Card Ana \u00dcr\u00fcn G\u00f6rseli -->\r\n<div class=\"card\" style=\"margin: auto; min-height:100%;\">\r\n    <div class=\"card-body\">\r\n        <div class=\"text-center pb-5\">\r\n            <img decoding=\"async\" style=\"min-height:800px !important;width:fit-content;\" src=\"http:\/\/erginmuhendislik.com.tr\/wp-content\/uploads\/2024\/10\/EKONOMIK-LAMA-DAN-IMAL-EDILMIS-BORU-TIP-KANCA.jpg\" id=\"mainImage3\" class=\"main-image img-fluid\" alt=\"Main Product Image\" data-toggle=\"modal\" data-target=\"#imageModal3\">\r\n        <\/div>\r\n\r\n        <!-- \u0130kinci Card Alt G\u00f6rseller Slider -->\r\n        <div id=\"imageCarousel2\" class=\"carousel slide mt-3 pt-5\" data-bs-ride=\"carousel\">\r\n            <div class=\"carousel-inner\">\r\n                <div class=\"carousel-item active\">\r\n                    <div class=\"row d-flex\">\r\n                        <div class=\"col-3\">\r\n                            <img decoding=\"async\" src=\"http:\/\/erginmuhendislik.com.tr\/wp-content\/uploads\/2024\/10\/EKONOMIK-LAMA-DAN-IMAL-EDILMIS-BORU-TIP-KANCA.jpg\" class=\"thumbnail-img\" alt=\"Product Thumbnail\" onclick=\"changeImage('mainImage3', 'modalImage3', this)\">\r\n                        <\/div>\r\n                        <div class=\"col-3\">\r\n                            <img decoding=\"async\" src=\"http:\/\/erginmuhendislik.com.tr\/wp-content\/uploads\/2024\/10\/DOKUM-BORU-KANCASI.jpg\" class=\"thumbnail-img\" alt=\"Product Thumbnail\" onclick=\"changeImage('mainImage3', 'modalImage3', this)\">\r\n                        <\/div>\r\n                        \r\n                    <\/div>\r\n                <\/div>\r\n            <\/div>\r\n        <\/div>\r\n    <\/div>\r\n<\/div>\r\n    \r\n    <div class=\"modal fade\" id=\"imageModal3\" tabindex=\"-1\" aria-labelledby=\"imageModalLabel\" aria-hidden=\"true\">\r\n    <div class=\"modal-dialog modal-lg\">\r\n        <div class=\"modal-content\">\r\n            <div class=\"modal-body\">\r\n                <img decoding=\"async\" id=\"modalImage3\" src=\"http:\/\/erginmuhendislik.com.tr\/wp-content\/uploads\/2024\/10\/ON-GORUNTU.jpg\" class=\"img-fluid\" alt=\"Enlarged Image\">\r\n            <\/div>\r\n        <\/div>\r\n    <\/div>\r\n<\/div>\r\n<!-- Bootstrap 5 JS and Popper -->\r\n<script src=\"https:\/\/cdn.jsdelivr.net\/npm\/@popperjs\/core@2.9.2\/dist\/umd\/popper.min.js\"><\/script>\r\n<script src=\"https:\/\/cdn.jsdelivr.net\/npm\/bootstrap@5.1.0\/dist\/js\/bootstrap.min.js\"><\/script>\r\n\r\n<script>\r\n    function changeImage(mainImageId, modalImageId, element) {\r\n    document.getElementById(mainImageId).src = element.src;\r\n    document.getElementById(modalImageId).src = element.src;\r\n}\r\n\r\n       \/\/ Modal a\u00e7\u0131ld\u0131\u011f\u0131nda ana g\u00f6rseli modal i\u00e7inde g\u00f6ster\r\n       document.getElementById(\"mainImage3\").addEventListener(\"click\", function () {\r\n        var modalImage = document.getElementById(\"modalImage3\");\r\n        modalImage.src = this.src; \/\/ Modal g\u00f6rselini, ana g\u00f6rsele e\u015fitle\r\n      var modal = new bootstrap.Modal(document.getElementById('imageModal3'), {\r\n        backdrop: false  \/\/ Karartmay\u0131 kapat\r\n    });\r\n\r\n   });\r\n<\/script>\t\t\t\t<\/div>\n\t\t\t\t<\/div>\n\t\t\t\t<\/div>\n\t\t\t\t<\/div>\n\t\t\t\t\t<\/div>\n\t\t\t\t<\/div>\n\t\t<div class=\"elementor-element elementor-element-fdf4e33 e-grid e-con-boxed e-con e-parent\" data-id=\"fdf4e33\" data-element_type=\"container\" data-e-type=\"container\">\n\t\t\t\t\t<div class=\"e-con-inner\">\n\t\t<div class=\"elementor-element elementor-element-20deac79 e-grid e-con-full e-con e-child\" data-id=\"20deac79\" data-element_type=\"container\" data-e-type=\"container\">\n\t\t<div class=\"elementor-element elementor-element-7256c365 e-con-full e-flex e-con e-child\" data-id=\"7256c365\" data-element_type=\"container\" data-e-type=\"container\">\n\t\t\t\t<div class=\"elementor-element elementor-element-15ef5e3e elementor-widget elementor-widget-html\" data-id=\"15ef5e3e\" data-element_type=\"widget\" data-e-type=\"widget\" data-widget_type=\"html.default\">\n\t\t\t\t<div class=\"elementor-widget-container\">\n\t\t\t\t\t<!-- \u0130kinci Card Ana \u00dcr\u00fcn G\u00f6rseli -->\r\n<div class=\"card\" style=\"margin: auto; min-height:100%;\">\r\n    <div class=\"card-body\">\r\n        <div class=\"text-center pb-5\">\r\n            <img decoding=\"async\" style=\"min-height:800px !important;width:fit-content;\" src=\"http:\/\/erginmuhendislik.com.tr\/wp-content\/uploads\/2024\/10\/20200619_181103.jpg\" id=\"mainImage1\" class=\"main-image img-fluid\" alt=\"Main Product Image\" data-toggle=\"modal\" data-target=\"#imageModal1\">\r\n        <\/div>\r\n\r\n        <!-- \u0130kinci Card Alt G\u00f6rseller Slider -->\r\n        <div id=\"imageCarousel2\" class=\"carousel slide mt-3 pt-5\" data-bs-ride=\"carousel\">\r\n            <div class=\"carousel-inner\">\r\n                <div class=\"carousel-item active\">\r\n                    <div class=\"row d-flex\">\r\n                        <div class=\"col-3\">\r\n                            <img decoding=\"async\" src=\"http:\/\/erginmuhendislik.com.tr\/wp-content\/uploads\/2024\/10\/20200619_181103.jpg\" class=\"thumbnail-img\" alt=\"Product Thumbnail\" onclick=\"changeImage('mainImage1', 'modalImage1', this)\">\r\n                        <\/div>\r\n                        <div class=\"col-3\">\r\n                            <img decoding=\"async\" src=\"http:\/\/erginmuhendislik.com.tr\/wp-content\/uploads\/2024\/10\/20200619_181122.jpg\" class=\"thumbnail-img\" alt=\"Product Thumbnail\" onclick=\"changeImage('mainImage1', 'modalImage1', this)\">\r\n                        <\/div>\r\n                        <div class=\"col-3\">\r\n                            <img decoding=\"async\" src=\"http:\/\/erginmuhendislik.com.tr\/wp-content\/uploads\/2024\/10\/20200619_181035.jpg\" class=\"thumbnail-img\" alt=\"Product Thumbnail\" onclick=\"changeImage('mainImage1', 'modalImage1', this)\">\r\n                        <\/div>\r\n                     \r\n                    <\/div>\r\n                <\/div>\r\n            <\/div>\r\n        <\/div>\r\n    <\/div>\r\n<\/div>\r\n    \r\n    <div class=\"modal fade\" id=\"imageModal1\" tabindex=\"-1\" aria-labelledby=\"imageModalLabel\" aria-hidden=\"true\">\r\n    <div class=\"modal-dialog modal-lg\">\r\n        <div class=\"modal-content\">\r\n            <div class=\"modal-body\">\r\n                <img decoding=\"async\" id=\"modalImage1\" src=\"http:\/\/erginmuhendislik.com.tr\/wp-content\/uploads\/2024\/10\/ON-GORUNTU.jpg\" class=\"img-fluid\" alt=\"Enlarged Image\">\r\n            <\/div>\r\n        <\/div>\r\n    <\/div>\r\n<\/div>\r\n<!-- Bootstrap 5 JS and Popper -->\r\n<script src=\"https:\/\/cdn.jsdelivr.net\/npm\/@popperjs\/core@2.9.2\/dist\/umd\/popper.min.js\"><\/script>\r\n<script src=\"https:\/\/cdn.jsdelivr.net\/npm\/bootstrap@5.1.0\/dist\/js\/bootstrap.min.js\"><\/script>\r\n\r\n<script>\r\n    function changeImage(mainImageId, modalImageId, element) {\r\n    document.getElementById(mainImageId).src = element.src;\r\n    document.getElementById(modalImageId).src = element.src;\r\n}\r\n\r\n       \/\/ Modal a\u00e7\u0131ld\u0131\u011f\u0131nda ana g\u00f6rseli modal i\u00e7inde g\u00f6ster\r\n       document.getElementById(\"mainImage1\").addEventListener(\"click\", function () {\r\n        var modalImage = document.getElementById(\"modalImage1\");\r\n        modalImage.src = this.src; \/\/ Modal g\u00f6rselini, ana g\u00f6rsele e\u015fitle\r\n      var modal = new bootstrap.Modal(document.getElementById('imageModal1'), {\r\n        backdrop: false  \/\/ Karartmay\u0131 kapat\r\n    });\r\n\r\n   });\r\n<\/script>\t\t\t\t<\/div>\n\t\t\t\t<\/div>\n\t\t\t\t<\/div>\n\t\t\t\t<\/div>\n\t\t<div class=\"elementor-element elementor-element-121355f3 e-grid e-con-full e-con e-child\" data-id=\"121355f3\" data-element_type=\"container\" data-e-type=\"container\">\n\t\t<div class=\"elementor-element elementor-element-33137ca e-con-full e-flex e-con e-child\" data-id=\"33137ca\" data-element_type=\"container\" data-e-type=\"container\">\n\t\t\t\t<div class=\"elementor-element elementor-element-4ba696e1 elementor-widget elementor-widget-heading\" data-id=\"4ba696e1\" data-element_type=\"widget\" data-e-type=\"widget\" data-widget_type=\"heading.default\">\n\t\t\t\t<div class=\"elementor-widget-container\">\n\t\t\t\t\t<h2 class=\"elementor-heading-title elementor-size-default\">ET SIYIRMA KANCASI<\/h2>\t\t\t\t<\/div>\n\t\t\t\t<\/div>\n\t\t\t\t<div class=\"elementor-element elementor-element-73b109f3 elementor-widget elementor-widget-text-editor\" data-id=\"73b109f3\" data-element_type=\"widget\" data-e-type=\"widget\" data-widget_type=\"text-editor.default\">\n\t\t\t\t<div class=\"elementor-widget-container\">\n\t\t\t\t\t\t\t\t\t<p>ET SIYIRMA KANCASI<\/p><p>*Ergonomik Tasar\u0131ma Sahip<\/p><p>*G\u0131daya Uygun Polietilen Malzemeden \u00dcretilen tutma kolu<\/p><p>*10 cm Kanca Boyu<\/p><p>*Et S\u0131y\u0131rma ve Ta\u015f\u0131ma Kancas\u0131<\/p><p>*65 kg Ta\u015f\u0131ma ve Kald\u0131rma Kapasitesi<\/p><p>*%100 Yerli \u00dcretim<\/p><p>*AISI 316 Kalite Paslanmaz Malzemeden \u00dcretilmi\u015ftir<\/p><p>*Profesyonellerin tercihi<\/p><p>\u00a0<\/p><p>\u00a0<\/p><p>\u00a0<\/p><p>\u00a0<\/p>\t\t\t\t\t\t\t\t<\/div>\n\t\t\t\t<\/div>\n\t\t\t\t<div class=\"elementor-element elementor-element-747920bf elementor-widget elementor-widget-button\" data-id=\"747920bf\" data-element_type=\"widget\" data-e-type=\"widget\" data-widget_type=\"button.default\">\n\t\t\t\t<div class=\"elementor-widget-container\">\n\t\t\t\t\t\t\t\t\t<div class=\"elementor-button-wrapper\">\n\t\t\t\t\t<a class=\"elementor-button elementor-button-link elementor-size-sm\" href=\"https:\/\/erginmuhendislik.com.tr\/?page_id=2835\">\n\t\t\t\t\t\t<span class=\"elementor-button-content-wrapper\">\n\t\t\t\t\t\t\t\t\t<span class=\"elementor-button-text\">TEKL\u0130F \u0130STE<\/span>\n\t\t\t\t\t<\/span>\n\t\t\t\t\t<\/a>\n\t\t\t\t<\/div>\n\t\t\t\t\t\t\t\t<\/div>\n\t\t\t\t<\/div>\n\t\t\t\t<\/div>\n\t\t\t\t<\/div>\n\t\t\t\t\t<\/div>\n\t\t\t\t<\/div>\n\t\t<div class=\"elementor-element elementor-element-767f6082 e-grid e-con-boxed e-con e-parent\" data-id=\"767f6082\" data-element_type=\"container\" data-e-type=\"container\">\n\t\t\t\t\t<div class=\"e-con-inner\">\n\t\t<div class=\"elementor-element elementor-element-1dfbb60d e-grid e-con-full e-con e-child\" data-id=\"1dfbb60d\" data-element_type=\"container\" data-e-type=\"container\">\n\t\t<div class=\"elementor-element elementor-element-e800bc8 e-con-full e-flex e-con e-child\" data-id=\"e800bc8\" data-element_type=\"container\" data-e-type=\"container\">\n\t\t\t\t<div class=\"elementor-element elementor-element-4e4bf07e elementor-widget elementor-widget-heading\" data-id=\"4e4bf07e\" data-element_type=\"widget\" data-e-type=\"widget\" data-widget_type=\"heading.default\">\n\t\t\t\t<div class=\"elementor-widget-container\">\n\t\t\t\t\t<h2 class=\"elementor-heading-title elementor-size-default\">KANAMA KANCASI<\/h2>\t\t\t\t<\/div>\n\t\t\t\t<\/div>\n\t\t\t\t<div class=\"elementor-element elementor-element-5f278446 elementor-widget elementor-widget-button\" data-id=\"5f278446\" data-element_type=\"widget\" data-e-type=\"widget\" data-widget_type=\"button.default\">\n\t\t\t\t<div class=\"elementor-widget-container\">\n\t\t\t\t\t\t\t\t\t<div class=\"elementor-button-wrapper\">\n\t\t\t\t\t<a class=\"elementor-button elementor-button-link elementor-size-sm\" href=\"https:\/\/erginmuhendislik.com.tr\/?page_id=2835\">\n\t\t\t\t\t\t<span class=\"elementor-button-content-wrapper\">\n\t\t\t\t\t\t\t\t\t<span class=\"elementor-button-text\">TEKL\u0130F \u0130STE<\/span>\n\t\t\t\t\t<\/span>\n\t\t\t\t\t<\/a>\n\t\t\t\t<\/div>\n\t\t\t\t\t\t\t\t<\/div>\n\t\t\t\t<\/div>\n\t\t\t\t<\/div>\n\t\t\t\t<\/div>\n\t\t<div class=\"elementor-element elementor-element-5c376201 e-grid e-con-full e-con e-child\" data-id=\"5c376201\" data-element_type=\"container\" data-e-type=\"container\">\n\t\t<div class=\"elementor-element elementor-element-1f594211 e-con-full e-flex e-con e-child\" data-id=\"1f594211\" data-element_type=\"container\" data-e-type=\"container\">\n\t\t\t\t<div class=\"elementor-element elementor-element-29bcf48d elementor-widget elementor-widget-html\" data-id=\"29bcf48d\" data-element_type=\"widget\" data-e-type=\"widget\" data-widget_type=\"html.default\">\n\t\t\t\t<div class=\"elementor-widget-container\">\n\t\t\t\t\t<!-- \u0130kinci Card Ana \u00dcr\u00fcn G\u00f6rseli -->\r\n<div class=\"card\" style=\"margin: auto; min-height:100%;\">\r\n    <div class=\"card-body\">\r\n        <div class=\"text-center pb-5\">\r\n            <img decoding=\"async\" style=\"min-height:550px !important;width:fit-content;\" src=\"http:\/\/erginmuhendislik.com.tr\/wp-content\/uploads\/2024\/10\/LAMA-KANAMA-KANCASI-KOSTEK-1.jpg\" id=\"mainImage2\" class=\"main-image img-fluid\" alt=\"Main Product Image\" data-toggle=\"modal\" data-target=\"#imageModal2\">\r\n        <\/div>\r\n\r\n        <!-- \u0130kinci Card Alt G\u00f6rseller Slider -->\r\n        <div id=\"imageCarousel2\" class=\"carousel slide mt-3 pt-5\" data-bs-ride=\"carousel\">\r\n            <div class=\"carousel-inner\">\r\n                <div class=\"carousel-item active\">\r\n                    <div class=\"row d-flex\">\r\n                        <div class=\"col-3\">\r\n                            <img decoding=\"async\" src=\"http:\/\/erginmuhendislik.com.tr\/wp-content\/uploads\/2024\/10\/LAMA-KANAMA-KANCASI-KOSTEK-1.jpg\" class=\"thumbnail-img\" alt=\"Product Thumbnail\" onclick=\"changeImage('mainImage2', 'modalImage2', this)\">\r\n                        <\/div>\r\n                        <div class=\"col-3\">\r\n                            <img decoding=\"async\" src=\"http:\/\/erginmuhendislik.com.tr\/wp-content\/uploads\/2024\/10\/MONORAY-KANAMA-KANCASI-KOSTEK.jpg\" class=\"thumbnail-img\" alt=\"Product Thumbnail\" onclick=\"changeImage('mainImage2', 'modalImage2', this)\">\r\n                        <\/div>\r\n                       \r\n                    <\/div>\r\n                <\/div>\r\n            <\/div>\r\n        <\/div>\r\n    <\/div>\r\n<\/div>\r\n    \r\n    <div class=\"modal fade\" id=\"imageModal2\" tabindex=\"-1\" aria-labelledby=\"imageModalLabel\" aria-hidden=\"true\">\r\n    <div class=\"modal-dialog modal-lg\">\r\n        <div class=\"modal-content\">\r\n            <div class=\"modal-body\">\r\n                <img decoding=\"async\" id=\"modalImage2\" src=\"http:\/\/erginmuhendislik.com.tr\/wp-content\/uploads\/2024\/10\/ON-GORUNTU.jpg\" class=\"img-fluid\" alt=\"Enlarged Image\">\r\n            <\/div>\r\n        <\/div>\r\n    <\/div>\r\n<\/div>\r\n<!-- Bootstrap 5 JS and Popper -->\r\n<script src=\"https:\/\/cdn.jsdelivr.net\/npm\/@popperjs\/core@2.9.2\/dist\/umd\/popper.min.js\"><\/script>\r\n<script src=\"https:\/\/cdn.jsdelivr.net\/npm\/bootstrap@5.1.0\/dist\/js\/bootstrap.min.js\"><\/script>\r\n\r\n<script>\r\n    function changeImage(mainImageId, modalImageId, element) {\r\n    document.getElementById(mainImageId).src = element.src;\r\n    document.getElementById(modalImageId).src = element.src;\r\n}\r\n\r\n       \/\/ Modal a\u00e7\u0131ld\u0131\u011f\u0131nda ana g\u00f6rseli modal i\u00e7inde g\u00f6ster\r\n       document.getElementById(\"mainImage2\").addEventListener(\"click\", function () {\r\n        var modalImage = document.getElementById(\"modalImage2\");\r\n        modalImage.src = this.src; \/\/ Modal g\u00f6rselini, ana g\u00f6rsele e\u015fitle\r\n      var modal = new bootstrap.Modal(document.getElementById('imageModal2'), {\r\n        backdrop: false  \/\/ Karartmay\u0131 kapat\r\n    });\r\n\r\n   });\r\n<\/script>\t\t\t\t<\/div>\n\t\t\t\t<\/div>\n\t\t\t\t<\/div>\n\t\t\t\t<\/div>\n\t\t\t\t\t<\/div>\n\t\t\t\t<\/div>\n\t\t<div class=\"elementor-element elementor-element-3bf50392 e-grid e-con-boxed e-con e-parent\" data-id=\"3bf50392\" data-element_type=\"container\" data-e-type=\"container\">\n\t\t\t\t\t<div class=\"e-con-inner\">\n\t\t<div class=\"elementor-element elementor-element-def963f e-grid e-con-full e-con e-child\" data-id=\"def963f\" data-element_type=\"container\" data-e-type=\"container\">\n\t\t<div class=\"elementor-element elementor-element-325db5e2 e-con-full e-flex e-con e-child\" data-id=\"325db5e2\" data-element_type=\"container\" data-e-type=\"container\">\n\t\t\t\t<div class=\"elementor-element elementor-element-34319795 elementor-widget elementor-widget-html\" data-id=\"34319795\" data-element_type=\"widget\" data-e-type=\"widget\" data-widget_type=\"html.default\">\n\t\t\t\t<div class=\"elementor-widget-container\">\n\t\t\t\t\t<!-- \u0130kinci Card Ana \u00dcr\u00fcn G\u00f6rseli -->\r\n<div class=\"card\" style=\"margin: auto; min-height:100%;\">\r\n    <div class=\"card-body\">\r\n        <div class=\"text-center pb-5\">\r\n            <img decoding=\"async\" style=\"min-height:800px !important;width:fit-content;\" src=\"http:\/\/erginmuhendislik.com.tr\/wp-content\/uploads\/2024\/10\/MONORAY-KANCASI.jpg\" id=\"mainImage4\" class=\"main-image img-fluid\" alt=\"Main Product Image\" data-toggle=\"modal\" data-target=\"#imageModal4\">\r\n        <\/div>\r\n\r\n        <!-- \u0130kinci Card Alt G\u00f6rseller Slider -->\r\n        <div id=\"imageCarousel4\" class=\"carousel slide mt-3 pt-5\" data-bs-ride=\"carousel\">\r\n            <div class=\"carousel-inner\">\r\n                <div class=\"carousel-item active\">\r\n                    <div class=\"row d-flex\">\r\n                        <div class=\"col-3\">\r\n                            <img decoding=\"async\" src=\"http:\/\/erginmuhendislik.com.tr\/wp-content\/uploads\/2024\/10\/MONORAY-KANCASI.jpg\" class=\"thumbnail-img\" alt=\"Product Thumbnail\" onclick=\"changeImage('mainImage4', 'modalImage4', this)\">\r\n                        <\/div>\r\n                       \r\n                    <\/div>\r\n                <\/div>\r\n            <\/div>\r\n        <\/div>\r\n    <\/div>\r\n<\/div>\r\n    \r\n    <div class=\"modal fade\" id=\"imageModal4\" tabindex=\"-1\" aria-labelledby=\"imageModalLabel\" aria-hidden=\"true\">\r\n    <div class=\"modal-dialog modal-lg\">\r\n        <div class=\"modal-content\">\r\n            <div class=\"modal-body\">\r\n                <img decoding=\"async\" id=\"modalImage4\" src=\"http:\/\/erginmuhendislik.com.tr\/wp-content\/uploads\/2024\/10\/ON-GORUNTU.jpg\" class=\"img-fluid\" alt=\"Enlarged Image\">\r\n            <\/div>\r\n        <\/div>\r\n    <\/div>\r\n<\/div>\r\n<!-- Bootstrap 5 JS and Popper -->\r\n<script src=\"https:\/\/cdn.jsdelivr.net\/npm\/@popperjs\/core@2.9.2\/dist\/umd\/popper.min.js\"><\/script>\r\n<script src=\"https:\/\/cdn.jsdelivr.net\/npm\/bootstrap@5.1.0\/dist\/js\/bootstrap.min.js\"><\/script>\r\n\r\n<script>\r\n    function changeImage(mainImageId, modalImageId, element) {\r\n    document.getElementById(mainImageId).src = element.src;\r\n    document.getElementById(modalImageId).src = element.src;\r\n}\r\n\r\n       \/\/ Modal a\u00e7\u0131ld\u0131\u011f\u0131nda ana g\u00f6rseli modal i\u00e7inde g\u00f6ster\r\n       document.getElementById(\"mainImage4\").addEventListener(\"click\", function () {\r\n        var modalImage = document.getElementById(\"modalImage4\");\r\n        modalImage.src = this.src; \/\/ Modal g\u00f6rselini, ana g\u00f6rsele e\u015fitle\r\n      var modal = new bootstrap.Modal(document.getElementById('imageModal4'), {\r\n        backdrop: false  \/\/ Karartmay\u0131 kapat\r\n    });\r\n\r\n   });\r\n<\/script>\t\t\t\t<\/div>\n\t\t\t\t<\/div>\n\t\t\t\t<\/div>\n\t\t\t\t<\/div>\n\t\t<div class=\"elementor-element elementor-element-7275d63d e-grid e-con-full e-con e-child\" data-id=\"7275d63d\" data-element_type=\"container\" data-e-type=\"container\">\n\t\t<div class=\"elementor-element elementor-element-4cdb4656 e-con-full e-flex e-con e-child\" data-id=\"4cdb4656\" data-element_type=\"container\" data-e-type=\"container\">\n\t\t\t\t<div class=\"elementor-element elementor-element-2c8f39c8 elementor-widget elementor-widget-heading\" data-id=\"2c8f39c8\" data-element_type=\"widget\" data-e-type=\"widget\" data-widget_type=\"heading.default\">\n\t\t\t\t<div class=\"elementor-widget-container\">\n\t\t\t\t\t<h2 class=\"elementor-heading-title elementor-size-default\">MONORAY KANCASI<\/h2>\t\t\t\t<\/div>\n\t\t\t\t<\/div>\n\t\t\t\t<div class=\"elementor-element elementor-element-78ef90ce elementor-widget elementor-widget-button\" data-id=\"78ef90ce\" data-element_type=\"widget\" data-e-type=\"widget\" data-widget_type=\"button.default\">\n\t\t\t\t<div class=\"elementor-widget-container\">\n\t\t\t\t\t\t\t\t\t<div class=\"elementor-button-wrapper\">\n\t\t\t\t\t<a class=\"elementor-button elementor-button-link elementor-size-sm\" href=\"https:\/\/erginmuhendislik.com.tr\/?page_id=2835\">\n\t\t\t\t\t\t<span class=\"elementor-button-content-wrapper\">\n\t\t\t\t\t\t\t\t\t<span class=\"elementor-button-text\">TEKL\u0130F \u0130STE<\/span>\n\t\t\t\t\t<\/span>\n\t\t\t\t\t<\/a>\n\t\t\t\t<\/div>\n\t\t\t\t\t\t\t\t<\/div>\n\t\t\t\t<\/div>\n\t\t\t\t<\/div>\n\t\t\t\t<\/div>\n\t\t\t\t\t<\/div>\n\t\t\t\t<\/div>\n\t\t\t\t<\/div>\n\t\t","protected":false},"excerpt":{"rendered":"<p>BORU T\u0130P KANCA TEKL\u0130F \u0130STE ET SIYIRMA KANCASI ET SIYIRMA KANCASI *Ergonomik Tasar\u0131ma Sahip *G\u0131daya Uygun Polietilen Malzemeden \u00dcretilen tutma kolu *10 cm Kanca Boyu *Et S\u0131y\u0131rma ve Ta\u015f\u0131ma Kancas\u0131 *65 kg Ta\u015f\u0131ma ve Kald\u0131rma Kapasitesi *%100 Yerli \u00dcretim *AISI 316 Kalite Paslanmaz Malzemeden \u00dcretilmi\u015ftir *Profesyonellerin tercihi \u00a0 \u00a0 \u00a0 \u00a0 TEKL\u0130F \u0130STE KANAMA KANCASI [&hellip;]<\/p>\n","protected":false},"author":1,"featured_media":0,"parent":0,"menu_order":0,"comment_status":"closed","ping_status":"closed","template":"","meta":{"footnotes":""},"class_list":["post-3900","page","type-page","status-publish","hentry"],"_links":{"self":[{"href":"http:\/\/erginmuhendislik.com.tr\/index.php?rest_route=\/wp\/v2\/pages\/3900"}],"collection":[{"href":"http:\/\/erginmuhendislik.com.tr\/index.php?rest_route=\/wp\/v2\/pages"}],"about":[{"href":"http:\/\/erginmuhendislik.com.tr\/index.php?rest_route=\/wp\/v2\/types\/page"}],"author":[{"embeddable":true,"href":"http:\/\/erginmuhendislik.com.tr\/index.php?rest_route=\/wp\/v2\/users\/1"}],"replies":[{"embeddable":true,"href":"http:\/\/erginmuhendislik.com.tr\/index.php?rest_route=%2Fwp%2Fv2%2Fcomments&post=3900"}],"version-history":[{"count":28,"href":"http:\/\/erginmuhendislik.com.tr\/index.php?rest_route=\/wp\/v2\/pages\/3900\/revisions"}],"predecessor-version":[{"id":4237,"href":"http:\/\/erginmuhendislik.com.tr\/index.php?rest_route=\/wp\/v2\/pages\/3900\/revisions\/4237"}],"wp:attachment":[{"href":"http:\/\/erginmuhendislik.com.tr\/index.php?rest_route=%2Fwp%2Fv2%2Fmedia&parent=3900"}],"curies":[{"name":"wp","href":"https:\/\/api.w.org\/{rel}","templated":true}]}}