{"id":3902,"date":"2024-10-24T21:30:21","date_gmt":"2024-10-24T18:30:21","guid":{"rendered":"https:\/\/erginmuhendislik.com.tr\/?page_id=3902"},"modified":"2024-11-04T10:17:09","modified_gmt":"2024-11-04T07:17:09","slug":"halatlar","status":"publish","type":"page","link":"http:\/\/erginmuhendislik.com.tr\/?page_id=3902","title":{"rendered":"HALATLAR"},"content":{"rendered":"\t\t<div data-elementor-type=\"wp-page\" data-elementor-id=\"3902\" class=\"elementor elementor-3902\">\n\t\t\t\t<div class=\"elementor-element elementor-element-56756f70 e-grid e-con-boxed e-con e-parent\" data-id=\"56756f70\" data-element_type=\"container\" data-e-type=\"container\">\n\t\t\t\t\t<div class=\"e-con-inner\">\n\t\t<div class=\"elementor-element elementor-element-6817f2be e-grid e-con-full e-con e-child\" data-id=\"6817f2be\" data-element_type=\"container\" data-e-type=\"container\">\n\t\t<div class=\"elementor-element elementor-element-9a8bd7b e-con-full e-flex e-con e-child\" data-id=\"9a8bd7b\" data-element_type=\"container\" data-e-type=\"container\">\n\t\t\t\t<div class=\"elementor-element elementor-element-5debc753 elementor-widget elementor-widget-heading\" data-id=\"5debc753\" data-element_type=\"widget\" data-e-type=\"widget\" data-widget_type=\"heading.default\">\n\t\t\t\t<div class=\"elementor-widget-container\">\n\t\t\t\t\t<h2 class=\"elementor-heading-title elementor-size-default\">HAYVAN KALDIRMA HALATI<\/h2>\t\t\t\t<\/div>\n\t\t\t\t<\/div>\n\t\t\t\t<div class=\"elementor-element elementor-element-7bd90f88 elementor-widget elementor-widget-text-editor\" data-id=\"7bd90f88\" data-element_type=\"widget\" data-e-type=\"widget\" data-widget_type=\"text-editor.default\">\n\t\t\t\t<div class=\"elementor-widget-container\">\n\t\t\t\t\t\t\t\t\t<p>HAYVAN KALDIRMA HALATI<\/p><p>* Hayvan kald\u0131rma halat\u0131\u00a0 kancal\u0131<\/p><p>* 1 metre ipek halat ve kancas\u0131<\/p><p>* rahat ve kolay kullan\u0131m<\/p><p>* Hayvan\u0131n can\u0131n\u0131 ac\u0131tmaz<\/p><p>* hayvan\u0131 \u00fcrk\u00fctmez<\/p><p>*ta\u015f\u0131ma kapasitesi 1 ton<\/p><p>*kopma y\u00fck\u00fc 6 ton<\/p><p>\u00a0<\/p>\t\t\t\t\t\t\t\t<\/div>\n\t\t\t\t<\/div>\n\t\t\t\t<div class=\"elementor-element elementor-element-44fada93 elementor-widget elementor-widget-button\" data-id=\"44fada93\" data-element_type=\"widget\" data-e-type=\"widget\" data-widget_type=\"button.default\">\n\t\t\t\t<div class=\"elementor-widget-container\">\n\t\t\t\t\t\t\t\t\t<div class=\"elementor-button-wrapper\">\n\t\t\t\t\t<a class=\"elementor-button elementor-button-link elementor-size-sm\" href=\"https:\/\/erginmuhendislik.com.tr\/?page_id=2835\">\n\t\t\t\t\t\t<span class=\"elementor-button-content-wrapper\">\n\t\t\t\t\t\t\t\t\t<span class=\"elementor-button-text\">TEKL\u0130F \u0130STE<\/span>\n\t\t\t\t\t<\/span>\n\t\t\t\t\t<\/a>\n\t\t\t\t<\/div>\n\t\t\t\t\t\t\t\t<\/div>\n\t\t\t\t<\/div>\n\t\t\t\t<\/div>\n\t\t\t\t<\/div>\n\t\t<div class=\"elementor-element elementor-element-69772869 e-grid e-con-full e-con e-child\" data-id=\"69772869\" data-element_type=\"container\" data-e-type=\"container\">\n\t\t<div class=\"elementor-element elementor-element-1f3f9eae e-con-full e-flex e-con e-child\" data-id=\"1f3f9eae\" data-element_type=\"container\" data-e-type=\"container\">\n\t\t\t\t<div class=\"elementor-element elementor-element-570e22e4 elementor-widget elementor-widget-html\" data-id=\"570e22e4\" data-element_type=\"widget\" data-e-type=\"widget\" data-widget_type=\"html.default\">\n\t\t\t\t<div class=\"elementor-widget-container\">\n\t\t\t\t\t<!-- \u0130kinci Card Ana \u00dcr\u00fcn G\u00f6rseli -->\r\n<div class=\"card\" style=\"margin: auto; min-height:100%;\">\r\n    <div class=\"card-body\">\r\n        <div class=\"text-center pb-5\">\r\n            <img decoding=\"async\" style=\"min-height:550px !important;width:fit-content;\" src=\"http:\/\/erginmuhendislik.com.tr\/wp-content\/uploads\/2024\/10\/Resim2-1.jpg\" id=\"mainImage4\" class=\"main-image img-fluid\" alt=\"Main Product Image\" data-toggle=\"modal\" data-target=\"#imageModal4\">\r\n        <\/div>\r\n\r\n        <!-- \u0130kinci Card Alt G\u00f6rseller Slider -->\r\n        <div id=\"imageCarousel4\" class=\"carousel slide mt-3 pt-5\" data-bs-ride=\"carousel\">\r\n            <div class=\"carousel-inner\">\r\n                <div class=\"carousel-item active\">\r\n                    <div class=\"row d-flex\">\r\n                        <div class=\"col-3\">\r\n                            <img decoding=\"async\" src=\"http:\/\/erginmuhendislik.com.tr\/wp-content\/uploads\/2024\/10\/Resim2-1.jpg\" class=\"thumbnail-img\" alt=\"Product Thumbnail\" onclick=\"changeImage('mainImage4', 'modalImage4', this)\">\r\n                        <\/div>\r\n                        <div class=\"col-3\">\r\n                            <img decoding=\"async\" src=\"http:\/\/erginmuhendislik.com.tr\/wp-content\/uploads\/2024\/10\/Resim1.jpg\" class=\"thumbnail-img\" alt=\"Product Thumbnail\" onclick=\"changeImage('mainImage4', 'modalImage4', this)\">\r\n                        <\/div>\r\n                        \r\n                    <\/div>\r\n                <\/div>\r\n            <\/div>\r\n        <\/div>\r\n    <\/div>\r\n<\/div>\r\n    \r\n    <div class=\"modal fade\" id=\"imageModal4\" tabindex=\"-1\" aria-labelledby=\"imageModalLabel\" aria-hidden=\"true\">\r\n    <div class=\"modal-dialog modal-lg\">\r\n        <div class=\"modal-content\">\r\n            <div class=\"modal-body\">\r\n                <img decoding=\"async\" id=\"modalImage4\" src=\"http:\/\/erginmuhendislik.com.tr\/wp-content\/uploads\/2024\/10\/ON-GORUNTU.jpg\" class=\"img-fluid\" alt=\"Enlarged Image\">\r\n            <\/div>\r\n        <\/div>\r\n    <\/div>\r\n<\/div>\r\n<!-- Bootstrap 5 JS and Popper -->\r\n<script src=\"https:\/\/cdn.jsdelivr.net\/npm\/@popperjs\/core@2.9.2\/dist\/umd\/popper.min.js\"><\/script>\r\n<script src=\"https:\/\/cdn.jsdelivr.net\/npm\/bootstrap@5.1.0\/dist\/js\/bootstrap.min.js\"><\/script>\r\n\r\n<script>\r\n    function changeImage(mainImageId, modalImageId, element) {\r\n    document.getElementById(mainImageId).src = element.src;\r\n    document.getElementById(modalImageId).src = element.src;\r\n}\r\n\r\n       \/\/ Modal a\u00e7\u0131ld\u0131\u011f\u0131nda ana g\u00f6rseli modal i\u00e7inde g\u00f6ster\r\n       document.getElementById(\"mainImage4\").addEventListener(\"click\", function () {\r\n        var modalImage = document.getElementById(\"modalImage4\");\r\n        modalImage.src = this.src; \/\/ Modal g\u00f6rselini, ana g\u00f6rsele e\u015fitle\r\n      var modal = new bootstrap.Modal(document.getElementById('imageModal4'), {\r\n        backdrop: false  \/\/ Karartmay\u0131 kapat\r\n    });\r\n\r\n   });\r\n<\/script>\t\t\t\t<\/div>\n\t\t\t\t<\/div>\n\t\t\t\t<\/div>\n\t\t\t\t<\/div>\n\t\t\t\t\t<\/div>\n\t\t\t\t<\/div>\n\t\t\t\t<\/div>\n\t\t","protected":false},"excerpt":{"rendered":"<p>HAYVAN KALDIRMA HALATI HAYVAN KALDIRMA HALATI * Hayvan kald\u0131rma halat\u0131\u00a0 kancal\u0131 * 1 metre ipek halat ve kancas\u0131 * rahat ve kolay kullan\u0131m * Hayvan\u0131n can\u0131n\u0131 ac\u0131tmaz * hayvan\u0131 \u00fcrk\u00fctmez *ta\u015f\u0131ma kapasitesi 1 ton *kopma y\u00fck\u00fc 6 ton \u00a0 TEKL\u0130F \u0130STE<\/p>\n","protected":false},"author":1,"featured_media":0,"parent":0,"menu_order":0,"comment_status":"closed","ping_status":"closed","template":"","meta":{"footnotes":""},"class_list":["post-3902","page","type-page","status-publish","hentry"],"_links":{"self":[{"href":"http:\/\/erginmuhendislik.com.tr\/index.php?rest_route=\/wp\/v2\/pages\/3902"}],"collection":[{"href":"http:\/\/erginmuhendislik.com.tr\/index.php?rest_route=\/wp\/v2\/pages"}],"about":[{"href":"http:\/\/erginmuhendislik.com.tr\/index.php?rest_route=\/wp\/v2\/types\/page"}],"author":[{"embeddable":true,"href":"http:\/\/erginmuhendislik.com.tr\/index.php?rest_route=\/wp\/v2\/users\/1"}],"replies":[{"embeddable":true,"href":"http:\/\/erginmuhendislik.com.tr\/index.php?rest_route=%2Fwp%2Fv2%2Fcomments&post=3902"}],"version-history":[{"count":13,"href":"http:\/\/erginmuhendislik.com.tr\/index.php?rest_route=\/wp\/v2\/pages\/3902\/revisions"}],"predecessor-version":[{"id":4240,"href":"http:\/\/erginmuhendislik.com.tr\/index.php?rest_route=\/wp\/v2\/pages\/3902\/revisions\/4240"}],"wp:attachment":[{"href":"http:\/\/erginmuhendislik.com.tr\/index.php?rest_route=%2Fwp%2Fv2%2Fmedia&parent=3902"}],"curies":[{"name":"wp","href":"https:\/\/api.w.org\/{rel}","templated":true}]}}