{"id":3904,"date":"2024-10-24T21:33:49","date_gmt":"2024-10-24T18:33:49","guid":{"rendered":"https:\/\/erginmuhendislik.com.tr\/?page_id=3904"},"modified":"2024-11-04T10:19:56","modified_gmt":"2024-11-04T07:19:56","slug":"yedek-parcalar","status":"publish","type":"page","link":"http:\/\/erginmuhendislik.com.tr\/?page_id=3904","title":{"rendered":"YEDEK PAR\u00c7ALAR"},"content":{"rendered":"\t\t<div data-elementor-type=\"wp-page\" data-elementor-id=\"3904\" class=\"elementor elementor-3904\">\n\t\t\t\t<div class=\"elementor-element elementor-element-56c31ae e-grid e-con-boxed e-con e-parent\" data-id=\"56c31ae\" data-element_type=\"container\" data-e-type=\"container\">\n\t\t\t\t\t<div class=\"e-con-inner\">\n\t\t<div class=\"elementor-element elementor-element-750ecfa3 e-grid e-con-full e-con e-child\" data-id=\"750ecfa3\" data-element_type=\"container\" data-e-type=\"container\">\n\t\t<div class=\"elementor-element elementor-element-7c445779 e-con-full e-flex e-con e-child\" data-id=\"7c445779\" data-element_type=\"container\" data-e-type=\"container\">\n\t\t\t\t<div class=\"elementor-element elementor-element-7eabc8ad elementor-widget elementor-widget-heading\" data-id=\"7eabc8ad\" data-element_type=\"widget\" data-e-type=\"widget\" data-widget_type=\"heading.default\">\n\t\t\t\t<div class=\"elementor-widget-container\">\n\t\t\t\t\t<h2 class=\"elementor-heading-title elementor-size-default\">B\u0130METAL-TESTERE<\/h2>\t\t\t\t<\/div>\n\t\t\t\t<\/div>\n\t\t\t\t<div class=\"elementor-element elementor-element-34ec79fc elementor-widget elementor-widget-button\" data-id=\"34ec79fc\" data-element_type=\"widget\" data-e-type=\"widget\" data-widget_type=\"button.default\">\n\t\t\t\t<div class=\"elementor-widget-container\">\n\t\t\t\t\t\t\t\t\t<div class=\"elementor-button-wrapper\">\n\t\t\t\t\t<a class=\"elementor-button elementor-button-link elementor-size-sm\" href=\"https:\/\/erginmuhendislik.com.tr\/?page_id=2835\">\n\t\t\t\t\t\t<span class=\"elementor-button-content-wrapper\">\n\t\t\t\t\t\t\t\t\t<span class=\"elementor-button-text\">TEKL\u0130F \u0130STE<\/span>\n\t\t\t\t\t<\/span>\n\t\t\t\t\t<\/a>\n\t\t\t\t<\/div>\n\t\t\t\t\t\t\t\t<\/div>\n\t\t\t\t<\/div>\n\t\t\t\t<\/div>\n\t\t\t\t<\/div>\n\t\t<div class=\"elementor-element elementor-element-1d639e0 e-grid e-con-full e-con e-child\" data-id=\"1d639e0\" data-element_type=\"container\" data-e-type=\"container\">\n\t\t<div class=\"elementor-element elementor-element-48088475 e-con-full e-flex e-con e-child\" data-id=\"48088475\" data-element_type=\"container\" data-e-type=\"container\">\n\t\t\t\t<div class=\"elementor-element elementor-element-45aa13ab elementor-widget elementor-widget-html\" data-id=\"45aa13ab\" data-element_type=\"widget\" data-e-type=\"widget\" data-widget_type=\"html.default\">\n\t\t\t\t<div class=\"elementor-widget-container\">\n\t\t\t\t\t<!-- \u0130kinci Card Ana \u00dcr\u00fcn G\u00f6rseli -->\r\n<div class=\"card\" style=\"margin: auto; min-height:100%;\">\r\n    <div class=\"card-body\">\r\n        <div class=\"text-center pb-5\">\r\n            <img decoding=\"async\" style=\"min-height:700px !important;width:fit-content;\" src=\"http:\/\/erginmuhendislik.com.tr\/wp-content\/uploads\/2024\/10\/BIMETAL-TESTERE.jpg\" id=\"mainImage2\" class=\"main-image img-fluid\" alt=\"Main Product Image\" data-toggle=\"modal\" data-target=\"#imageModal2\">\r\n        <\/div>\r\n\r\n        <!-- \u0130kinci Card Alt G\u00f6rseller Slider -->\r\n        <div id=\"imageCarousel2\" class=\"carousel slide mt-3 pt-5\" data-bs-ride=\"carousel\">\r\n            <div class=\"carousel-inner\">\r\n                <div class=\"carousel-item active\">\r\n                    <div class=\"row d-flex\">\r\n                        <div class=\"col-3\">\r\n                            <img decoding=\"async\" src=\"http:\/\/erginmuhendislik.com.tr\/wp-content\/uploads\/2024\/10\/BIMETAL-TESTERE.jpg\" class=\"thumbnail-img\" alt=\"Product Thumbnail\" onclick=\"changeImage('mainImage2', 'modalImage2', this)\">\r\n                        <\/div>\r\n                       \r\n                    <\/div>\r\n                <\/div>\r\n            <\/div>\r\n        <\/div>\r\n    <\/div>\r\n<\/div>\r\n    \r\n    <div class=\"modal fade\" id=\"imageModal2\" tabindex=\"-1\" aria-labelledby=\"imageModalLabel\" aria-hidden=\"true\">\r\n    <div class=\"modal-dialog modal-lg\">\r\n        <div class=\"modal-content\">\r\n            <div class=\"modal-body\">\r\n                <img decoding=\"async\" id=\"modalImage2\" src=\"http:\/\/erginmuhendislik.com.tr\/wp-content\/uploads\/2024\/10\/ON-GORUNTU.jpg\" class=\"img-fluid\" alt=\"Enlarged Image\">\r\n            <\/div>\r\n        <\/div>\r\n    <\/div>\r\n<\/div>\r\n<!-- Bootstrap 5 JS and Popper -->\r\n<script src=\"https:\/\/cdn.jsdelivr.net\/npm\/@popperjs\/core@2.9.2\/dist\/umd\/popper.min.js\"><\/script>\r\n<script src=\"https:\/\/cdn.jsdelivr.net\/npm\/bootstrap@5.1.0\/dist\/js\/bootstrap.min.js\"><\/script>\r\n\r\n<script>\r\n    function changeImage(mainImageId, modalImageId, element) {\r\n    document.getElementById(mainImageId).src = element.src;\r\n    document.getElementById(modalImageId).src = element.src;\r\n}\r\n\r\n       \/\/ Modal a\u00e7\u0131ld\u0131\u011f\u0131nda ana g\u00f6rseli modal i\u00e7inde g\u00f6ster\r\n       document.getElementById(\"mainImage2\").addEventListener(\"click\", function () {\r\n        var modalImage = document.getElementById(\"modalImage2\");\r\n        modalImage.src = this.src; \/\/ Modal g\u00f6rselini, ana g\u00f6rsele e\u015fitle\r\n      var modal = new bootstrap.Modal(document.getElementById('imageModal2'), {\r\n        backdrop: false  \/\/ Karartmay\u0131 kapat\r\n    });\r\n\r\n   });\r\n<\/script>\t\t\t\t<\/div>\n\t\t\t\t<\/div>\n\t\t\t\t<\/div>\n\t\t\t\t<\/div>\n\t\t\t\t\t<\/div>\n\t\t\t\t<\/div>\n\t\t<div class=\"elementor-element elementor-element-24ab64f5 e-grid e-con-boxed e-con e-parent\" data-id=\"24ab64f5\" data-element_type=\"container\" data-e-type=\"container\">\n\t\t\t\t\t<div class=\"e-con-inner\">\n\t\t<div class=\"elementor-element elementor-element-657d193d e-grid e-con-full e-con e-child\" data-id=\"657d193d\" data-element_type=\"container\" data-e-type=\"container\">\n\t\t<div class=\"elementor-element elementor-element-6414d75b e-con-full e-flex e-con e-child\" data-id=\"6414d75b\" data-element_type=\"container\" data-e-type=\"container\">\n\t\t\t\t<div class=\"elementor-element elementor-element-429ae798 elementor-widget elementor-widget-html\" data-id=\"429ae798\" data-element_type=\"widget\" data-e-type=\"widget\" data-widget_type=\"html.default\">\n\t\t\t\t<div class=\"elementor-widget-container\">\n\t\t\t\t\t<!-- \u0130kinci Card Ana \u00dcr\u00fcn G\u00f6rseli -->\r\n<div class=\"card\" style=\"margin: auto; min-height:100%;\">\r\n    <div class=\"card-body\">\r\n        <div class=\"text-center pb-5\">\r\n            <img decoding=\"async\" style=\"min-height:550px !important;width:fit-content;\" src=\"http:\/\/erginmuhendislik.com.tr\/wp-content\/uploads\/2024\/10\/T-BONE-SERIDI.jpg\" id=\"mainImage1\" class=\"main-image img-fluid\" alt=\"Main Product Image\" data-toggle=\"modal\" data-target=\"#imageModal1\">\r\n        <\/div>\r\n\r\n        <!-- \u0130kinci Card Alt G\u00f6rseller Slider -->\r\n        <div id=\"imageCarousel2\" class=\"carousel slide mt-3 pt-5\" data-bs-ride=\"carousel\">\r\n            <div class=\"carousel-inner\">\r\n                <div class=\"carousel-item active\">\r\n                    <div class=\"row d-flex\">\r\n                        <div class=\"col-3\">\r\n                            <img decoding=\"async\" src=\"http:\/\/erginmuhendislik.com.tr\/wp-content\/uploads\/2024\/10\/T-BONE-SERIDI.jpg\" class=\"thumbnail-img\" alt=\"Product Thumbnail\" onclick=\"changeImage('mainImage1', 'modalImage1', this)\">\r\n                        <\/div>\r\n                       \r\n                    <\/div>\r\n                <\/div>\r\n            <\/div>\r\n        <\/div>\r\n    <\/div>\r\n<\/div>\r\n    \r\n    <div class=\"modal fade\" id=\"imageModal1\" tabindex=\"-1\" aria-labelledby=\"imageModalLabel\" aria-hidden=\"true\">\r\n    <div class=\"modal-dialog modal-lg\">\r\n        <div class=\"modal-content\">\r\n            <div class=\"modal-body\">\r\n                <img decoding=\"async\" id=\"modalImage1\" src=\"http:\/\/erginmuhendislik.com.tr\/wp-content\/uploads\/2024\/10\/ON-GORUNTU.jpg\" class=\"img-fluid\" alt=\"Enlarged Image\">\r\n            <\/div>\r\n        <\/div>\r\n    <\/div>\r\n<\/div>\r\n<!-- Bootstrap 5 JS and Popper -->\r\n<script src=\"https:\/\/cdn.jsdelivr.net\/npm\/@popperjs\/core@2.9.2\/dist\/umd\/popper.min.js\"><\/script>\r\n<script src=\"https:\/\/cdn.jsdelivr.net\/npm\/bootstrap@5.1.0\/dist\/js\/bootstrap.min.js\"><\/script>\r\n\r\n<script>\r\n    function changeImage(mainImageId, modalImageId, element) {\r\n    document.getElementById(mainImageId).src = element.src;\r\n    document.getElementById(modalImageId).src = element.src;\r\n}\r\n\r\n       \/\/ Modal a\u00e7\u0131ld\u0131\u011f\u0131nda ana g\u00f6rseli modal i\u00e7inde g\u00f6ster\r\n       document.getElementById(\"mainImage1\").addEventListener(\"click\", function () {\r\n        var modalImage = document.getElementById(\"modalImage1\");\r\n        modalImage.src = this.src; \/\/ Modal g\u00f6rselini, ana g\u00f6rsele e\u015fitle\r\n      var modal = new bootstrap.Modal(document.getElementById('imageModal1'), {\r\n        backdrop: false  \/\/ Karartmay\u0131 kapat\r\n    });\r\n\r\n   });\r\n<\/script>\t\t\t\t<\/div>\n\t\t\t\t<\/div>\n\t\t\t\t<\/div>\n\t\t\t\t<\/div>\n\t\t<div class=\"elementor-element elementor-element-403f7951 e-grid e-con-full e-con e-child\" data-id=\"403f7951\" data-element_type=\"container\" data-e-type=\"container\">\n\t\t<div class=\"elementor-element elementor-element-694bf7df e-con-full e-flex e-con e-child\" data-id=\"694bf7df\" data-element_type=\"container\" data-e-type=\"container\">\n\t\t\t\t<div class=\"elementor-element elementor-element-406c7aca elementor-widget elementor-widget-heading\" data-id=\"406c7aca\" data-element_type=\"widget\" data-e-type=\"widget\" data-widget_type=\"heading.default\">\n\t\t\t\t<div class=\"elementor-widget-container\">\n\t\t\t\t\t<h2 class=\"elementor-heading-title elementor-size-default\">T-BONE-\u015eER\u0130D\u0130<\/h2>\t\t\t\t<\/div>\n\t\t\t\t<\/div>\n\t\t\t\t<div class=\"elementor-element elementor-element-ceff45b elementor-widget elementor-widget-button\" data-id=\"ceff45b\" data-element_type=\"widget\" data-e-type=\"widget\" data-widget_type=\"button.default\">\n\t\t\t\t<div class=\"elementor-widget-container\">\n\t\t\t\t\t\t\t\t\t<div class=\"elementor-button-wrapper\">\n\t\t\t\t\t<a class=\"elementor-button elementor-button-link elementor-size-sm\" href=\"https:\/\/erginmuhendislik.com.tr\/?page_id=2835\">\n\t\t\t\t\t\t<span class=\"elementor-button-content-wrapper\">\n\t\t\t\t\t\t\t\t\t<span class=\"elementor-button-text\">TEKL\u0130F \u0130STE<\/span>\n\t\t\t\t\t<\/span>\n\t\t\t\t\t<\/a>\n\t\t\t\t<\/div>\n\t\t\t\t\t\t\t\t<\/div>\n\t\t\t\t<\/div>\n\t\t\t\t<\/div>\n\t\t\t\t<\/div>\n\t\t\t\t\t<\/div>\n\t\t\t\t<\/div>\n\t\t<div class=\"elementor-element elementor-element-3da7e8a e-grid e-con-boxed e-con e-parent\" data-id=\"3da7e8a\" data-element_type=\"container\" data-e-type=\"container\">\n\t\t\t\t\t<div class=\"e-con-inner\">\n\t\t<div class=\"elementor-element elementor-element-b812cdf e-grid e-con-full e-con e-child\" data-id=\"b812cdf\" data-element_type=\"container\" data-e-type=\"container\">\n\t\t<div class=\"elementor-element elementor-element-df1b709 e-con-full e-flex e-con e-child\" data-id=\"df1b709\" data-element_type=\"container\" data-e-type=\"container\">\n\t\t\t\t<div class=\"elementor-element elementor-element-9b78cdf elementor-widget elementor-widget-heading\" data-id=\"9b78cdf\" data-element_type=\"widget\" data-e-type=\"widget\" data-widget_type=\"heading.default\">\n\t\t\t\t<div class=\"elementor-widget-container\">\n\t\t\t\t\t<h2 class=\"elementor-heading-title elementor-size-default\">BI\u00c7AK<\/h2>\t\t\t\t<\/div>\n\t\t\t\t<\/div>\n\t\t\t\t<div class=\"elementor-element elementor-element-35abe7e elementor-widget elementor-widget-button\" data-id=\"35abe7e\" data-element_type=\"widget\" data-e-type=\"widget\" data-widget_type=\"button.default\">\n\t\t\t\t<div class=\"elementor-widget-container\">\n\t\t\t\t\t\t\t\t\t<div class=\"elementor-button-wrapper\">\n\t\t\t\t\t<a class=\"elementor-button elementor-button-link elementor-size-sm\" href=\"https:\/\/erginmuhendislik.com.tr\/?page_id=2835\">\n\t\t\t\t\t\t<span class=\"elementor-button-content-wrapper\">\n\t\t\t\t\t\t\t\t\t<span class=\"elementor-button-text\">TEKL\u0130F \u0130STE<\/span>\n\t\t\t\t\t<\/span>\n\t\t\t\t\t<\/a>\n\t\t\t\t<\/div>\n\t\t\t\t\t\t\t\t<\/div>\n\t\t\t\t<\/div>\n\t\t\t\t<\/div>\n\t\t\t\t<\/div>\n\t\t<div class=\"elementor-element elementor-element-34029db e-grid e-con-full e-con e-child\" data-id=\"34029db\" data-element_type=\"container\" data-e-type=\"container\">\n\t\t<div class=\"elementor-element elementor-element-6c1482c e-con-full e-flex e-con e-child\" data-id=\"6c1482c\" data-element_type=\"container\" data-e-type=\"container\">\n\t\t\t\t<div class=\"elementor-element elementor-element-2dfcc2e elementor-widget elementor-widget-html\" data-id=\"2dfcc2e\" data-element_type=\"widget\" data-e-type=\"widget\" data-widget_type=\"html.default\">\n\t\t\t\t<div class=\"elementor-widget-container\">\n\t\t\t\t\t<!-- \u0130kinci Card Ana \u00dcr\u00fcn G\u00f6rseli -->\r\n<div class=\"card\" style=\"margin: auto; min-height:100%;\">\r\n    <div class=\"card-body\">\r\n        <div class=\"text-center pb-5\">\r\n            <img decoding=\"async\" style=\"min-height:600px !important;width:fit-content;\" src=\"http:\/\/erginmuhendislik.com.tr\/wp-content\/uploads\/2024\/10\/BICAK.jpg\" id=\"mainImage3\" class=\"main-image img-fluid\" alt=\"Main Product Image\" data-toggle=\"modal\" data-target=\"#imageModal3\">\r\n        <\/div>\r\n\r\n        <!-- \u0130kinci Card Alt G\u00f6rseller Slider -->\r\n        <div id=\"imageCarousel2\" class=\"carousel slide mt-3 pt-5\" data-bs-ride=\"carousel\">\r\n            <div class=\"carousel-inner\">\r\n                <div class=\"carousel-item active\">\r\n                    <div class=\"row d-flex\">\r\n                        <div class=\"col-3\">\r\n                            <img decoding=\"async\" src=\"http:\/\/erginmuhendislik.com.tr\/wp-content\/uploads\/2024\/10\/BICAK.jpg\" class=\"thumbnail-img\" alt=\"Product Thumbnail\" onclick=\"changeImage('mainImage3', 'modalImage3', this)\">\r\n                        <\/div>\r\n                       \r\n                    <\/div>\r\n                <\/div>\r\n            <\/div>\r\n        <\/div>\r\n    <\/div>\r\n<\/div>\r\n    \r\n    <div class=\"modal fade\" id=\"imageModal3\" tabindex=\"-1\" aria-labelledby=\"imageModalLabel\" aria-hidden=\"true\">\r\n    <div class=\"modal-dialog modal-lg\">\r\n        <div class=\"modal-content\">\r\n            <div class=\"modal-body\">\r\n                <img decoding=\"async\" id=\"modalImage3\" src=\"http:\/\/erginmuhendislik.com.tr\/wp-content\/uploads\/2024\/10\/ON-GORUNTU.jpg\" class=\"img-fluid\" alt=\"Enlarged Image\">\r\n            <\/div>\r\n        <\/div>\r\n    <\/div>\r\n<\/div>\r\n<!-- Bootstrap 5 JS and Popper -->\r\n<script src=\"https:\/\/cdn.jsdelivr.net\/npm\/@popperjs\/core@2.9.2\/dist\/umd\/popper.min.js\"><\/script>\r\n<script src=\"https:\/\/cdn.jsdelivr.net\/npm\/bootstrap@5.1.0\/dist\/js\/bootstrap.min.js\"><\/script>\r\n\r\n<script>\r\n    function changeImage(mainImageId, modalImageId, element) {\r\n    document.getElementById(mainImageId).src = element.src;\r\n    document.getElementById(modalImageId).src = element.src;\r\n}\r\n\r\n       \/\/ Modal a\u00e7\u0131ld\u0131\u011f\u0131nda ana g\u00f6rseli modal i\u00e7inde g\u00f6ster\r\n       document.getElementById(\"mainImage3\").addEventListener(\"click\", function () {\r\n        var modalImage = document.getElementById(\"modalImage3\");\r\n        modalImage.src = this.src; \/\/ Modal g\u00f6rselini, ana g\u00f6rsele e\u015fitle\r\n      var modal = new bootstrap.Modal(document.getElementById('imageModal3'), {\r\n        backdrop: false  \/\/ Karartmay\u0131 kapat\r\n    });\r\n\r\n   });\r\n<\/script>\t\t\t\t<\/div>\n\t\t\t\t<\/div>\n\t\t\t\t<\/div>\n\t\t\t\t<\/div>\n\t\t\t\t\t<\/div>\n\t\t\t\t<\/div>\n\t\t<div class=\"elementor-element elementor-element-04cd892 e-grid e-con-boxed e-con e-parent\" data-id=\"04cd892\" data-element_type=\"container\" data-e-type=\"container\">\n\t\t\t\t\t<div class=\"e-con-inner\">\n\t\t<div class=\"elementor-element elementor-element-fc2f06f e-grid e-con-full e-con e-child\" data-id=\"fc2f06f\" data-element_type=\"container\" data-e-type=\"container\">\n\t\t<div class=\"elementor-element elementor-element-b013b74 e-con-full e-flex e-con e-child\" data-id=\"b013b74\" data-element_type=\"container\" data-e-type=\"container\">\n\t\t\t\t<div class=\"elementor-element elementor-element-e9b08f4 elementor-widget elementor-widget-html\" data-id=\"e9b08f4\" data-element_type=\"widget\" data-e-type=\"widget\" data-widget_type=\"html.default\">\n\t\t\t\t<div class=\"elementor-widget-container\">\n\t\t\t\t\t<!-- \u0130kinci Card Ana \u00dcr\u00fcn G\u00f6rseli -->\r\n<div class=\"card\" style=\"margin: auto; min-height:100%;\">\r\n    <div class=\"card-body\">\r\n        <div class=\"text-center pb-5\">\r\n            <img decoding=\"async\" style=\"min-height:750px !important;width:fit-content;\" src=\"http:\/\/erginmuhendislik.com.tr\/wp-content\/uploads\/2024\/10\/ILAVE-AYAK.jpg\" id=\"mainImage4\" class=\"main-image img-fluid\" alt=\"Main Product Image\" data-toggle=\"modal\" data-target=\"#imageModal4\">\r\n        <\/div>\r\n\r\n        <!-- \u0130kinci Card Alt G\u00f6rseller Slider -->\r\n        <div id=\"imageCarousel4\" class=\"carousel slide mt-3 pt-5\" data-bs-ride=\"carousel\">\r\n            <div class=\"carousel-inner\">\r\n                <div class=\"carousel-item active\">\r\n                    <div class=\"row d-flex\">\r\n                        <div class=\"col-3\">\r\n                            <img decoding=\"async\" src=\"http:\/\/erginmuhendislik.com.tr\/wp-content\/uploads\/2024\/10\/ILAVE-AYAK.jpg\" class=\"thumbnail-img\" alt=\"Product Thumbnail\" onclick=\"changeImage('mainImage4', 'modalImage4', this)\">\r\n                        <\/div>\r\n                       \r\n                    <\/div>\r\n                <\/div>\r\n            <\/div>\r\n        <\/div>\r\n    <\/div>\r\n<\/div>\r\n    \r\n    <div class=\"modal fade\" id=\"imageModal4\" tabindex=\"-1\" aria-labelledby=\"imageModalLabel\" aria-hidden=\"true\">\r\n    <div class=\"modal-dialog modal-lg\">\r\n        <div class=\"modal-content\">\r\n            <div class=\"modal-body\">\r\n                <img decoding=\"async\" id=\"modalImage4\" src=\"http:\/\/erginmuhendislik.com.tr\/wp-content\/uploads\/2024\/10\/ON-GORUNTU.jpg\" class=\"img-fluid\" alt=\"Enlarged Image\">\r\n            <\/div>\r\n        <\/div>\r\n    <\/div>\r\n<\/div>\r\n<!-- Bootstrap 5 JS and Popper -->\r\n<script src=\"https:\/\/cdn.jsdelivr.net\/npm\/@popperjs\/core@2.9.2\/dist\/umd\/popper.min.js\"><\/script>\r\n<script src=\"https:\/\/cdn.jsdelivr.net\/npm\/bootstrap@5.1.0\/dist\/js\/bootstrap.min.js\"><\/script>\r\n\r\n<script>\r\n    function changeImage(mainImageId, modalImageId, element) {\r\n    document.getElementById(mainImageId).src = element.src;\r\n    document.getElementById(modalImageId).src = element.src;\r\n}\r\n\r\n       \/\/ Modal a\u00e7\u0131ld\u0131\u011f\u0131nda ana g\u00f6rseli modal i\u00e7inde g\u00f6ster\r\n       document.getElementById(\"mainImage4\").addEventListener(\"click\", function () {\r\n        var modalImage = document.getElementById(\"modalImage4\");\r\n        modalImage.src = this.src; \/\/ Modal g\u00f6rselini, ana g\u00f6rsele e\u015fitle\r\n      var modal = new bootstrap.Modal(document.getElementById('imageModal4'), {\r\n        backdrop: false  \/\/ Karartmay\u0131 kapat\r\n    });\r\n\r\n   });\r\n<\/script>\t\t\t\t<\/div>\n\t\t\t\t<\/div>\n\t\t\t\t<\/div>\n\t\t\t\t<\/div>\n\t\t<div class=\"elementor-element elementor-element-1de7149 e-grid e-con-full e-con e-child\" data-id=\"1de7149\" data-element_type=\"container\" data-e-type=\"container\">\n\t\t<div class=\"elementor-element elementor-element-d288799 e-con-full e-flex e-con e-child\" data-id=\"d288799\" data-element_type=\"container\" data-e-type=\"container\">\n\t\t\t\t<div class=\"elementor-element elementor-element-e220245 elementor-widget elementor-widget-heading\" data-id=\"e220245\" data-element_type=\"widget\" data-e-type=\"widget\" data-widget_type=\"heading.default\">\n\t\t\t\t<div class=\"elementor-widget-container\">\n\t\t\t\t\t<h2 class=\"elementor-heading-title elementor-size-default\">\u0130LAVE-AYAK<\/h2>\t\t\t\t<\/div>\n\t\t\t\t<\/div>\n\t\t\t\t<div class=\"elementor-element elementor-element-effa8b2 elementor-widget elementor-widget-button\" data-id=\"effa8b2\" data-element_type=\"widget\" data-e-type=\"widget\" data-widget_type=\"button.default\">\n\t\t\t\t<div class=\"elementor-widget-container\">\n\t\t\t\t\t\t\t\t\t<div class=\"elementor-button-wrapper\">\n\t\t\t\t\t<a class=\"elementor-button elementor-button-link elementor-size-sm\" href=\"https:\/\/erginmuhendislik.com.tr\/?page_id=2835\">\n\t\t\t\t\t\t<span class=\"elementor-button-content-wrapper\">\n\t\t\t\t\t\t\t\t\t<span class=\"elementor-button-text\">TEKL\u0130F \u0130STE<\/span>\n\t\t\t\t\t<\/span>\n\t\t\t\t\t<\/a>\n\t\t\t\t<\/div>\n\t\t\t\t\t\t\t\t<\/div>\n\t\t\t\t<\/div>\n\t\t\t\t<\/div>\n\t\t\t\t<\/div>\n\t\t\t\t\t<\/div>\n\t\t\t\t<\/div>\n\t\t\t\t<\/div>\n\t\t","protected":false},"excerpt":{"rendered":"<p>B\u0130METAL-TESTERE TEKL\u0130F \u0130STE T-BONE-\u015eER\u0130D\u0130 TEKL\u0130F \u0130STE BI\u00c7AK TEKL\u0130F \u0130STE \u0130LAVE-AYAK TEKL\u0130F \u0130STE<\/p>\n","protected":false},"author":1,"featured_media":0,"parent":0,"menu_order":0,"comment_status":"closed","ping_status":"closed","template":"","meta":{"footnotes":""},"class_list":["post-3904","page","type-page","status-publish","hentry"],"_links":{"self":[{"href":"http:\/\/erginmuhendislik.com.tr\/index.php?rest_route=\/wp\/v2\/pages\/3904"}],"collection":[{"href":"http:\/\/erginmuhendislik.com.tr\/index.php?rest_route=\/wp\/v2\/pages"}],"about":[{"href":"http:\/\/erginmuhendislik.com.tr\/index.php?rest_route=\/wp\/v2\/types\/page"}],"author":[{"embeddable":true,"href":"http:\/\/erginmuhendislik.com.tr\/index.php?rest_route=\/wp\/v2\/users\/1"}],"replies":[{"embeddable":true,"href":"http:\/\/erginmuhendislik.com.tr\/index.php?rest_route=%2Fwp%2Fv2%2Fcomments&post=3904"}],"version-history":[{"count":22,"href":"http:\/\/erginmuhendislik.com.tr\/index.php?rest_route=\/wp\/v2\/pages\/3904\/revisions"}],"predecessor-version":[{"id":4252,"href":"http:\/\/erginmuhendislik.com.tr\/index.php?rest_route=\/wp\/v2\/pages\/3904\/revisions\/4252"}],"wp:attachment":[{"href":"http:\/\/erginmuhendislik.com.tr\/index.php?rest_route=%2Fwp%2Fv2%2Fmedia&parent=3904"}],"curies":[{"name":"wp","href":"https:\/\/api.w.org\/{rel}","templated":true}]}}